{"id":77721,"date":"2026-02-19T16:02:56","date_gmt":"2026-02-19T16:02:56","guid":{"rendered":"https:\/\/camping-latama.com\/prive-sanitair\/"},"modified":"2026-02-19T16:02:56","modified_gmt":"2026-02-19T16:02:56","slug":"prive-sanitair","status":"publish","type":"page","link":"https:\/\/camping-latama.com\/nl\/prive-sanitair\/","title":{"rendered":"Priv\u00e9 sanitair"},"content":{"rendered":"","protected":false},"excerpt":{"rendered":"","protected":false},"author":3,"featured_media":77730,"parent":0,"menu_order":10,"comment_status":"closed","ping_status":"closed","template":"","meta":{"_acf_changed":false,"inline_featured_image":false,"footnotes":""},"avantage":[],"class_list":["post-77721","page","type-page","status-publish","has-post-thumbnail","hentry"],"acf":[],"yoast_head":"<!-- This site is optimized with the Yoast SEO plugin v27.4 - https:\/\/yoast.com\/product\/yoast-seo-wordpress\/ -->\n<title>Camping met priv\u00e9 sanitair op staanplaats: R\u00e9serveer uw premium staanplaats aan zee<\/title>\n<meta name=\"description\" content=\"R\u00e9serveer je staanplaats met priv\u00e9 sanitair op een steenworp afstand van het strand op onze camping in Agde met lagune, diensten en animatie.\" \/>\n<meta name=\"robots\" content=\"index, follow, max-snippet:-1, max-image-preview:large, max-video-preview:-1\" \/>\n<link rel=\"canonical\" href=\"https:\/\/camping-latama.com\/nl\/prive-sanitair\/\" \/>\n<meta property=\"og:locale\" content=\"nl_NL\" \/>\n<meta property=\"og:type\" content=\"article\" \/>\n<meta property=\"og:title\" content=\"Camping met priv\u00e9 sanitair op staanplaats: R\u00e9serveer uw premium staanplaats aan zee\" \/>\n<meta property=\"og:description\" content=\"R\u00e9serveer je staanplaats met priv\u00e9 sanitair op een steenworp afstand van het strand op onze camping in Agde met lagune, diensten en animatie.\" \/>\n<meta property=\"og:url\" content=\"https:\/\/camping-latama.com\/nl\/prive-sanitair\/\" \/>\n<meta property=\"og:site_name\" content=\"Camping La Tama\" \/>\n<meta property=\"og:image\" content=\"https:\/\/camping-latama.com\/wp-content\/uploads\/2026\/02\/Capture-decran-2025-12-30-a-16.02.55-1024x751.png\" \/>\n\t<meta property=\"og:image:width\" content=\"1024\" \/>\n\t<meta property=\"og:image:height\" content=\"751\" \/>\n\t<meta property=\"og:image:type\" content=\"image\/png\" \/>\n<meta name=\"twitter:card\" content=\"summary_large_image\" \/>\n<script type=\"application\/ld+json\" class=\"yoast-schema-graph\">{\"@context\":\"https:\\\/\\\/schema.org\",\"@graph\":[{\"@type\":\"WebPage\",\"@id\":\"https:\\\/\\\/camping-latama.com\\\/nl\\\/prive-sanitair\\\/\",\"url\":\"https:\\\/\\\/camping-latama.com\\\/nl\\\/prive-sanitair\\\/\",\"name\":\"Camping met priv\u00e9 sanitair op staanplaats: R\u00e9serveer uw premium staanplaats aan zee\",\"isPartOf\":{\"@id\":\"https:\\\/\\\/camping-latama.com\\\/nl\\\/#website\"},\"primaryImageOfPage\":{\"@id\":\"https:\\\/\\\/camping-latama.com\\\/nl\\\/prive-sanitair\\\/#primaryimage\"},\"image\":{\"@id\":\"https:\\\/\\\/camping-latama.com\\\/nl\\\/prive-sanitair\\\/#primaryimage\"},\"thumbnailUrl\":\"https:\\\/\\\/camping-latama.com\\\/wp-content\\\/uploads\\\/2026\\\/02\\\/Capture-decran-2025-12-30-a-16.02.55.png\",\"datePublished\":\"2026-02-19T16:02:56+00:00\",\"description\":\"R\u00e9serveer je staanplaats met priv\u00e9 sanitair op een steenworp afstand van het strand op onze camping in Agde met lagune, diensten en animatie.\",\"breadcrumb\":{\"@id\":\"https:\\\/\\\/camping-latama.com\\\/nl\\\/prive-sanitair\\\/#breadcrumb\"},\"inLanguage\":\"nl-NL\",\"potentialAction\":[{\"@type\":\"ReadAction\",\"target\":[\"https:\\\/\\\/camping-latama.com\\\/nl\\\/prive-sanitair\\\/\"]}]},{\"@type\":\"ImageObject\",\"inLanguage\":\"nl-NL\",\"@id\":\"https:\\\/\\\/camping-latama.com\\\/nl\\\/prive-sanitair\\\/#primaryimage\",\"url\":\"https:\\\/\\\/camping-latama.com\\\/wp-content\\\/uploads\\\/2026\\\/02\\\/Capture-decran-2025-12-30-a-16.02.55.png\",\"contentUrl\":\"https:\\\/\\\/camping-latama.com\\\/wp-content\\\/uploads\\\/2026\\\/02\\\/Capture-decran-2025-12-30-a-16.02.55.png\",\"width\":1706,\"height\":1252},{\"@type\":\"BreadcrumbList\",\"@id\":\"https:\\\/\\\/camping-latama.com\\\/nl\\\/prive-sanitair\\\/#breadcrumb\",\"itemListElement\":[{\"@type\":\"ListItem\",\"position\":1,\"name\":\"Camping Cap d'Agde\",\"item\":\"https:\\\/\\\/camping-latama.com\\\/nl\\\/home\\\/\"},{\"@type\":\"ListItem\",\"position\":2,\"name\":\"Camping met priv\u00e9 sanitair Agde\"}]},{\"@type\":\"WebSite\",\"@id\":\"https:\\\/\\\/camping-latama.com\\\/nl\\\/#website\",\"url\":\"https:\\\/\\\/camping-latama.com\\\/nl\\\/\",\"name\":\"Camping La Tamarissi\u00e8re\",\"description\":\"\",\"potentialAction\":[{\"@type\":\"SearchAction\",\"target\":{\"@type\":\"EntryPoint\",\"urlTemplate\":\"https:\\\/\\\/camping-latama.com\\\/nl\\\/?s={search_term_string}\"},\"query-input\":{\"@type\":\"PropertyValueSpecification\",\"valueRequired\":true,\"valueName\":\"search_term_string\"}}],\"inLanguage\":\"nl-NL\"}]}<\/script>\n<!-- \/ Yoast SEO plugin. -->","yoast_head_json":{"title":"Camping met priv\u00e9 sanitair op staanplaats: R\u00e9serveer uw premium staanplaats aan zee","description":"R\u00e9serveer je staanplaats met priv\u00e9 sanitair op een steenworp afstand van het strand op onze camping in Agde met lagune, diensten en animatie.","robots":{"index":"index","follow":"follow","max-snippet":"max-snippet:-1","max-image-preview":"max-image-preview:large","max-video-preview":"max-video-preview:-1"},"canonical":"https:\/\/camping-latama.com\/nl\/prive-sanitair\/","og_locale":"nl_NL","og_type":"article","og_title":"Camping met priv\u00e9 sanitair op staanplaats: R\u00e9serveer uw premium staanplaats aan zee","og_description":"R\u00e9serveer je staanplaats met priv\u00e9 sanitair op een steenworp afstand van het strand op onze camping in Agde met lagune, diensten en animatie.","og_url":"https:\/\/camping-latama.com\/nl\/prive-sanitair\/","og_site_name":"Camping La Tama","og_image":[{"width":1024,"height":751,"url":"https:\/\/camping-latama.com\/wp-content\/uploads\/2026\/02\/Capture-decran-2025-12-30-a-16.02.55-1024x751.png","type":"image\/png"}],"twitter_card":"summary_large_image","schema":{"@context":"https:\/\/schema.org","@graph":[{"@type":"WebPage","@id":"https:\/\/camping-latama.com\/nl\/prive-sanitair\/","url":"https:\/\/camping-latama.com\/nl\/prive-sanitair\/","name":"Camping met priv\u00e9 sanitair op staanplaats: R\u00e9serveer uw premium staanplaats aan zee","isPartOf":{"@id":"https:\/\/camping-latama.com\/nl\/#website"},"primaryImageOfPage":{"@id":"https:\/\/camping-latama.com\/nl\/prive-sanitair\/#primaryimage"},"image":{"@id":"https:\/\/camping-latama.com\/nl\/prive-sanitair\/#primaryimage"},"thumbnailUrl":"https:\/\/camping-latama.com\/wp-content\/uploads\/2026\/02\/Capture-decran-2025-12-30-a-16.02.55.png","datePublished":"2026-02-19T16:02:56+00:00","description":"R\u00e9serveer je staanplaats met priv\u00e9 sanitair op een steenworp afstand van het strand op onze camping in Agde met lagune, diensten en animatie.","breadcrumb":{"@id":"https:\/\/camping-latama.com\/nl\/prive-sanitair\/#breadcrumb"},"inLanguage":"nl-NL","potentialAction":[{"@type":"ReadAction","target":["https:\/\/camping-latama.com\/nl\/prive-sanitair\/"]}]},{"@type":"ImageObject","inLanguage":"nl-NL","@id":"https:\/\/camping-latama.com\/nl\/prive-sanitair\/#primaryimage","url":"https:\/\/camping-latama.com\/wp-content\/uploads\/2026\/02\/Capture-decran-2025-12-30-a-16.02.55.png","contentUrl":"https:\/\/camping-latama.com\/wp-content\/uploads\/2026\/02\/Capture-decran-2025-12-30-a-16.02.55.png","width":1706,"height":1252},{"@type":"BreadcrumbList","@id":"https:\/\/camping-latama.com\/nl\/prive-sanitair\/#breadcrumb","itemListElement":[{"@type":"ListItem","position":1,"name":"Camping Cap d'Agde","item":"https:\/\/camping-latama.com\/nl\/home\/"},{"@type":"ListItem","position":2,"name":"Camping met priv\u00e9 sanitair Agde"}]},{"@type":"WebSite","@id":"https:\/\/camping-latama.com\/nl\/#website","url":"https:\/\/camping-latama.com\/nl\/","name":"Camping La Tamarissi\u00e8re","description":"","potentialAction":[{"@type":"SearchAction","target":{"@type":"EntryPoint","urlTemplate":"https:\/\/camping-latama.com\/nl\/?s={search_term_string}"},"query-input":{"@type":"PropertyValueSpecification","valueRequired":true,"valueName":"search_term_string"}}],"inLanguage":"nl-NL"}]}},"_links":{"self":[{"href":"https:\/\/camping-latama.com\/nl\/wp-json\/wp\/v2\/pages\/77721","targetHints":{"allow":["GET"]}}],"collection":[{"href":"https:\/\/camping-latama.com\/nl\/wp-json\/wp\/v2\/pages"}],"about":[{"href":"https:\/\/camping-latama.com\/nl\/wp-json\/wp\/v2\/types\/page"}],"author":[{"embeddable":true,"href":"https:\/\/camping-latama.com\/nl\/wp-json\/wp\/v2\/users\/3"}],"replies":[{"embeddable":true,"href":"https:\/\/camping-latama.com\/nl\/wp-json\/wp\/v2\/comments?post=77721"}],"version-history":[{"count":0,"href":"https:\/\/camping-latama.com\/nl\/wp-json\/wp\/v2\/pages\/77721\/revisions"}],"wp:featuredmedia":[{"embeddable":true,"href":"https:\/\/camping-latama.com\/nl\/wp-json\/wp\/v2\/media\/77730"}],"wp:attachment":[{"href":"https:\/\/camping-latama.com\/nl\/wp-json\/wp\/v2\/media?parent=77721"}],"wp:term":[{"taxonomy":"avantage","embeddable":true,"href":"https:\/\/camping-latama.com\/nl\/wp-json\/wp\/v2\/avantage?post=77721"}],"curies":[{"name":"wp","href":"https:\/\/api.w.org\/{rel}","templated":true}]}}