{"id":76076,"date":"2026-02-12T12:38:16","date_gmt":"2026-02-12T12:38:16","guid":{"rendered":"https:\/\/camping-latama.com\/cocoon-ontwijking-4-personen\/"},"modified":"2026-03-24T13:51:57","modified_gmt":"2026-03-24T13:51:57","slug":"cocoon-ontwijking-4-personen","status":"publish","type":"page","link":"https:\/\/camping-latama.com\/nl\/ongewone-accommodatie\/cocoon-ontwijking-4-personen\/","title":{"rendered":"Cocoon Ontwijking 4 personen"},"content":{"rendered":"","protected":false},"excerpt":{"rendered":"","protected":false},"author":3,"featured_media":76079,"parent":76749,"menu_order":5,"comment_status":"closed","ping_status":"closed","template":"templates\/tpl-hebergement.php","meta":{"_acf_changed":false,"inline_featured_image":false,"footnotes":""},"avantage":[],"class_list":["post-76076","page","type-page","status-publish","has-post-thumbnail","hentry"],"acf":[],"yoast_head":"<!-- This site is optimized with the Yoast SEO plugin v27.4 - https:\/\/yoast.com\/product\/yoast-seo-wordpress\/ -->\n<title>Cocoon Evasion op Camping La Tamarissi\u00e8re in Agde<\/title>\n<meta name=\"description\" content=\"Ontsnap naar het hart van het Tamarissi\u00e8re dennenbos in deze ongewone accommodatie in vanlife stijl die zowel warm als perfect ge\u00efntegreerd is in de omgeving.\" \/>\n<meta name=\"robots\" content=\"index, follow, max-snippet:-1, max-image-preview:large, max-video-preview:-1\" \/>\n<link rel=\"canonical\" href=\"https:\/\/camping-latama.com\/nl\/ongewone-accommodatie\/cocoon-ontwijking-4-personen\/\" \/>\n<meta property=\"og:locale\" content=\"nl_NL\" \/>\n<meta property=\"og:type\" content=\"article\" \/>\n<meta property=\"og:title\" content=\"Cocoon Evasion op Camping La Tamarissi\u00e8re in Agde\" \/>\n<meta property=\"og:description\" content=\"Ontsnap naar het hart van het Tamarissi\u00e8re dennenbos in deze ongewone accommodatie in vanlife stijl die zowel warm als perfect ge\u00efntegreerd is in de omgeving.\" \/>\n<meta property=\"og:url\" content=\"https:\/\/camping-latama.com\/nl\/ongewone-accommodatie\/cocoon-ontwijking-4-personen\/\" \/>\n<meta property=\"og:site_name\" content=\"Camping La Tama\" \/>\n<meta property=\"article:modified_time\" content=\"2026-03-24T13:51:57+00:00\" \/>\n<meta property=\"og:image\" content=\"https:\/\/camping-latama.com\/wp-content\/uploads\/2026\/03\/karlotte-01.jpg\" \/>\n\t<meta property=\"og:image:width\" content=\"2394\" \/>\n\t<meta property=\"og:image:height\" content=\"1548\" \/>\n\t<meta property=\"og:image:type\" content=\"image\/jpeg\" \/>\n<meta name=\"twitter:card\" content=\"summary_large_image\" \/>\n<script type=\"application\/ld+json\" class=\"yoast-schema-graph\">{\"@context\":\"https:\\\/\\\/schema.org\",\"@graph\":[{\"@type\":\"WebPage\",\"@id\":\"https:\\\/\\\/camping-latama.com\\\/nl\\\/ongewone-accommodatie\\\/cocoon-ontwijking-4-personen\\\/\",\"url\":\"https:\\\/\\\/camping-latama.com\\\/nl\\\/ongewone-accommodatie\\\/cocoon-ontwijking-4-personen\\\/\",\"name\":\"Cocoon Evasion op Camping La Tamarissi\u00e8re in Agde\",\"isPartOf\":{\"@id\":\"https:\\\/\\\/camping-latama.com\\\/nl\\\/#website\"},\"primaryImageOfPage\":{\"@id\":\"https:\\\/\\\/camping-latama.com\\\/nl\\\/ongewone-accommodatie\\\/cocoon-ontwijking-4-personen\\\/#primaryimage\"},\"image\":{\"@id\":\"https:\\\/\\\/camping-latama.com\\\/nl\\\/ongewone-accommodatie\\\/cocoon-ontwijking-4-personen\\\/#primaryimage\"},\"thumbnailUrl\":\"https:\\\/\\\/camping-latama.com\\\/wp-content\\\/uploads\\\/2026\\\/03\\\/karlotte-01.jpg\",\"datePublished\":\"2026-02-12T12:38:16+00:00\",\"dateModified\":\"2026-03-24T13:51:57+00:00\",\"description\":\"Ontsnap naar het hart van het Tamarissi\u00e8re dennenbos in deze ongewone accommodatie in vanlife stijl die zowel warm als perfect ge\u00efntegreerd is in de omgeving.\",\"breadcrumb\":{\"@id\":\"https:\\\/\\\/camping-latama.com\\\/nl\\\/ongewone-accommodatie\\\/cocoon-ontwijking-4-personen\\\/#breadcrumb\"},\"inLanguage\":\"nl-NL\",\"potentialAction\":[{\"@type\":\"ReadAction\",\"target\":[\"https:\\\/\\\/camping-latama.com\\\/nl\\\/ongewone-accommodatie\\\/cocoon-ontwijking-4-personen\\\/\"]}]},{\"@type\":\"ImageObject\",\"inLanguage\":\"nl-NL\",\"@id\":\"https:\\\/\\\/camping-latama.com\\\/nl\\\/ongewone-accommodatie\\\/cocoon-ontwijking-4-personen\\\/#primaryimage\",\"url\":\"https:\\\/\\\/camping-latama.com\\\/wp-content\\\/uploads\\\/2026\\\/03\\\/karlotte-01.jpg\",\"contentUrl\":\"https:\\\/\\\/camping-latama.com\\\/wp-content\\\/uploads\\\/2026\\\/03\\\/karlotte-01.jpg\",\"width\":2394,\"height\":1548,\"caption\":\"Karlotte 4 personen\"},{\"@type\":\"BreadcrumbList\",\"@id\":\"https:\\\/\\\/camping-latama.com\\\/nl\\\/ongewone-accommodatie\\\/cocoon-ontwijking-4-personen\\\/#breadcrumb\",\"itemListElement\":[{\"@type\":\"ListItem\",\"position\":1,\"name\":\"Camping Cap d'Agde\",\"item\":\"https:\\\/\\\/camping-latama.com\\\/nl\\\/home\\\/\"},{\"@type\":\"ListItem\",\"position\":2,\"name\":\"Bijzondere accommodatie Agde\",\"item\":\"https:\\\/\\\/camping-latama.com\\\/nl\\\/ongewone-accommodatie\\\/\"},{\"@type\":\"ListItem\",\"position\":3,\"name\":\"Karlotte 4 personen\"}]},{\"@type\":\"WebSite\",\"@id\":\"https:\\\/\\\/camping-latama.com\\\/nl\\\/#website\",\"url\":\"https:\\\/\\\/camping-latama.com\\\/nl\\\/\",\"name\":\"Camping La Tamarissi\u00e8re\",\"description\":\"\",\"potentialAction\":[{\"@type\":\"SearchAction\",\"target\":{\"@type\":\"EntryPoint\",\"urlTemplate\":\"https:\\\/\\\/camping-latama.com\\\/nl\\\/?s={search_term_string}\"},\"query-input\":{\"@type\":\"PropertyValueSpecification\",\"valueRequired\":true,\"valueName\":\"search_term_string\"}}],\"inLanguage\":\"nl-NL\"}]}<\/script>\n<!-- \/ Yoast SEO plugin. -->","yoast_head_json":{"title":"Cocoon Evasion op Camping La Tamarissi\u00e8re in Agde","description":"Ontsnap naar het hart van het Tamarissi\u00e8re dennenbos in deze ongewone accommodatie in vanlife stijl die zowel warm als perfect ge\u00efntegreerd is in de omgeving.","robots":{"index":"index","follow":"follow","max-snippet":"max-snippet:-1","max-image-preview":"max-image-preview:large","max-video-preview":"max-video-preview:-1"},"canonical":"https:\/\/camping-latama.com\/nl\/ongewone-accommodatie\/cocoon-ontwijking-4-personen\/","og_locale":"nl_NL","og_type":"article","og_title":"Cocoon Evasion op Camping La Tamarissi\u00e8re in Agde","og_description":"Ontsnap naar het hart van het Tamarissi\u00e8re dennenbos in deze ongewone accommodatie in vanlife stijl die zowel warm als perfect ge\u00efntegreerd is in de omgeving.","og_url":"https:\/\/camping-latama.com\/nl\/ongewone-accommodatie\/cocoon-ontwijking-4-personen\/","og_site_name":"Camping La Tama","article_modified_time":"2026-03-24T13:51:57+00:00","og_image":[{"width":2394,"height":1548,"url":"https:\/\/camping-latama.com\/wp-content\/uploads\/2026\/03\/karlotte-01.jpg","type":"image\/jpeg"}],"twitter_card":"summary_large_image","schema":{"@context":"https:\/\/schema.org","@graph":[{"@type":"WebPage","@id":"https:\/\/camping-latama.com\/nl\/ongewone-accommodatie\/cocoon-ontwijking-4-personen\/","url":"https:\/\/camping-latama.com\/nl\/ongewone-accommodatie\/cocoon-ontwijking-4-personen\/","name":"Cocoon Evasion op Camping La Tamarissi\u00e8re in Agde","isPartOf":{"@id":"https:\/\/camping-latama.com\/nl\/#website"},"primaryImageOfPage":{"@id":"https:\/\/camping-latama.com\/nl\/ongewone-accommodatie\/cocoon-ontwijking-4-personen\/#primaryimage"},"image":{"@id":"https:\/\/camping-latama.com\/nl\/ongewone-accommodatie\/cocoon-ontwijking-4-personen\/#primaryimage"},"thumbnailUrl":"https:\/\/camping-latama.com\/wp-content\/uploads\/2026\/03\/karlotte-01.jpg","datePublished":"2026-02-12T12:38:16+00:00","dateModified":"2026-03-24T13:51:57+00:00","description":"Ontsnap naar het hart van het Tamarissi\u00e8re dennenbos in deze ongewone accommodatie in vanlife stijl die zowel warm als perfect ge\u00efntegreerd is in de omgeving.","breadcrumb":{"@id":"https:\/\/camping-latama.com\/nl\/ongewone-accommodatie\/cocoon-ontwijking-4-personen\/#breadcrumb"},"inLanguage":"nl-NL","potentialAction":[{"@type":"ReadAction","target":["https:\/\/camping-latama.com\/nl\/ongewone-accommodatie\/cocoon-ontwijking-4-personen\/"]}]},{"@type":"ImageObject","inLanguage":"nl-NL","@id":"https:\/\/camping-latama.com\/nl\/ongewone-accommodatie\/cocoon-ontwijking-4-personen\/#primaryimage","url":"https:\/\/camping-latama.com\/wp-content\/uploads\/2026\/03\/karlotte-01.jpg","contentUrl":"https:\/\/camping-latama.com\/wp-content\/uploads\/2026\/03\/karlotte-01.jpg","width":2394,"height":1548,"caption":"Karlotte 4 personen"},{"@type":"BreadcrumbList","@id":"https:\/\/camping-latama.com\/nl\/ongewone-accommodatie\/cocoon-ontwijking-4-personen\/#breadcrumb","itemListElement":[{"@type":"ListItem","position":1,"name":"Camping Cap d'Agde","item":"https:\/\/camping-latama.com\/nl\/home\/"},{"@type":"ListItem","position":2,"name":"Bijzondere accommodatie Agde","item":"https:\/\/camping-latama.com\/nl\/ongewone-accommodatie\/"},{"@type":"ListItem","position":3,"name":"Karlotte 4 personen"}]},{"@type":"WebSite","@id":"https:\/\/camping-latama.com\/nl\/#website","url":"https:\/\/camping-latama.com\/nl\/","name":"Camping La Tamarissi\u00e8re","description":"","potentialAction":[{"@type":"SearchAction","target":{"@type":"EntryPoint","urlTemplate":"https:\/\/camping-latama.com\/nl\/?s={search_term_string}"},"query-input":{"@type":"PropertyValueSpecification","valueRequired":true,"valueName":"search_term_string"}}],"inLanguage":"nl-NL"}]}},"_links":{"self":[{"href":"https:\/\/camping-latama.com\/nl\/wp-json\/wp\/v2\/pages\/76076","targetHints":{"allow":["GET"]}}],"collection":[{"href":"https:\/\/camping-latama.com\/nl\/wp-json\/wp\/v2\/pages"}],"about":[{"href":"https:\/\/camping-latama.com\/nl\/wp-json\/wp\/v2\/types\/page"}],"author":[{"embeddable":true,"href":"https:\/\/camping-latama.com\/nl\/wp-json\/wp\/v2\/users\/3"}],"replies":[{"embeddable":true,"href":"https:\/\/camping-latama.com\/nl\/wp-json\/wp\/v2\/comments?post=76076"}],"version-history":[{"count":1,"href":"https:\/\/camping-latama.com\/nl\/wp-json\/wp\/v2\/pages\/76076\/revisions"}],"predecessor-version":[{"id":76751,"href":"https:\/\/camping-latama.com\/nl\/wp-json\/wp\/v2\/pages\/76076\/revisions\/76751"}],"up":[{"embeddable":true,"href":"https:\/\/camping-latama.com\/nl\/wp-json\/wp\/v2\/pages\/76749"}],"wp:featuredmedia":[{"embeddable":true,"href":"https:\/\/camping-latama.com\/nl\/wp-json\/wp\/v2\/media\/76079"}],"wp:attachment":[{"href":"https:\/\/camping-latama.com\/nl\/wp-json\/wp\/v2\/media?parent=76076"}],"wp:term":[{"taxonomy":"avantage","embeddable":true,"href":"https:\/\/camping-latama.com\/nl\/wp-json\/wp\/v2\/avantage?post=76076"}],"curies":[{"name":"wp","href":"https:\/\/api.w.org\/{rel}","templated":true}]}}