{"id":78822,"date":"2026-05-07T11:54:40","date_gmt":"2026-05-07T11:54:40","guid":{"rendered":"https:\/\/camping-latama.com\/alojamiento-confortable\/cabana-oasis-4-personas\/"},"modified":"2026-05-07T11:54:40","modified_gmt":"2026-05-07T11:54:40","slug":"cabana-oasis-4-personas","status":"publish","type":"page","link":"https:\/\/camping-latama.com\/es\/alojamiento-confortable\/cabana-oasis-4-personas\/","title":{"rendered":"Caba\u00f1a Oasis 4 personas"},"content":{"rendered":"","protected":false},"excerpt":{"rendered":"","protected":false},"author":1,"featured_media":78835,"parent":76197,"menu_order":2,"comment_status":"closed","ping_status":"closed","template":"templates\/tpl-hebergement.php","meta":{"_acf_changed":false,"inline_featured_image":false,"footnotes":""},"avantage":[],"class_list":["post-78822","page","type-page","status-publish","has-post-thumbnail","hentry"],"acf":[],"yoast_head":"<!-- This site is optimized with the Yoast SEO plugin v27.6 - https:\/\/yoast.com\/product\/yoast-seo-wordpress\/ -->\n<title>Casa rural Oasis en Agde junto al mar<\/title>\n<meta name=\"description\" content=\"Descubre nuestro camping y sus chal\u00e9s en el coraz\u00f3n de un entorno natural \u00fanico.\" \/>\n<meta name=\"robots\" content=\"index, follow, max-snippet:-1, max-image-preview:large, max-video-preview:-1\" \/>\n<link rel=\"canonical\" href=\"https:\/\/camping-latama.com\/es\/alojamiento-confortable\/cabana-oasis-4-personas\/\" \/>\n<meta property=\"og:locale\" content=\"es_ES\" \/>\n<meta property=\"og:type\" content=\"article\" \/>\n<meta property=\"og:title\" content=\"Casa rural Oasis en Agde junto al mar\" \/>\n<meta property=\"og:description\" content=\"Descubre nuestro camping y sus chal\u00e9s en el coraz\u00f3n de un entorno natural \u00fanico.\" \/>\n<meta property=\"og:url\" content=\"https:\/\/camping-latama.com\/es\/alojamiento-confortable\/cabana-oasis-4-personas\/\" \/>\n<meta property=\"og:site_name\" content=\"Camping La Tama\" \/>\n<meta property=\"og:image\" content=\"https:\/\/camping-latama.com\/wp-content\/uploads\/2026\/05\/I7A0008.jpg\" \/>\n\t<meta property=\"og:image:width\" content=\"800\" \/>\n\t<meta property=\"og:image:height\" content=\"533\" \/>\n\t<meta property=\"og:image:type\" content=\"image\/jpeg\" \/>\n<meta name=\"twitter:card\" content=\"summary_large_image\" \/>\n<script type=\"application\/ld+json\" class=\"yoast-schema-graph\">{\"@context\":\"https:\\\/\\\/schema.org\",\"@graph\":[{\"@type\":\"WebPage\",\"@id\":\"https:\\\/\\\/camping-latama.com\\\/es\\\/alojamiento-confortable\\\/cabana-oasis-4-personas\\\/\",\"url\":\"https:\\\/\\\/camping-latama.com\\\/es\\\/alojamiento-confortable\\\/cabana-oasis-4-personas\\\/\",\"name\":\"Casa rural Oasis en Agde junto al mar\",\"isPartOf\":{\"@id\":\"https:\\\/\\\/camping-latama.com\\\/es\\\/#website\"},\"primaryImageOfPage\":{\"@id\":\"https:\\\/\\\/camping-latama.com\\\/es\\\/alojamiento-confortable\\\/cabana-oasis-4-personas\\\/#primaryimage\"},\"image\":{\"@id\":\"https:\\\/\\\/camping-latama.com\\\/es\\\/alojamiento-confortable\\\/cabana-oasis-4-personas\\\/#primaryimage\"},\"thumbnailUrl\":\"https:\\\/\\\/camping-latama.com\\\/wp-content\\\/uploads\\\/2026\\\/05\\\/I7A0008.jpg\",\"datePublished\":\"2026-05-07T11:54:40+00:00\",\"description\":\"Descubre nuestro camping y sus chal\u00e9s en el coraz\u00f3n de un entorno natural \u00fanico.\",\"breadcrumb\":{\"@id\":\"https:\\\/\\\/camping-latama.com\\\/es\\\/alojamiento-confortable\\\/cabana-oasis-4-personas\\\/#breadcrumb\"},\"inLanguage\":\"es\",\"potentialAction\":[{\"@type\":\"ReadAction\",\"target\":[\"https:\\\/\\\/camping-latama.com\\\/es\\\/alojamiento-confortable\\\/cabana-oasis-4-personas\\\/\"]}]},{\"@type\":\"ImageObject\",\"inLanguage\":\"es\",\"@id\":\"https:\\\/\\\/camping-latama.com\\\/es\\\/alojamiento-confortable\\\/cabana-oasis-4-personas\\\/#primaryimage\",\"url\":\"https:\\\/\\\/camping-latama.com\\\/wp-content\\\/uploads\\\/2026\\\/05\\\/I7A0008.jpg\",\"contentUrl\":\"https:\\\/\\\/camping-latama.com\\\/wp-content\\\/uploads\\\/2026\\\/05\\\/I7A0008.jpg\",\"width\":800,\"height\":533},{\"@type\":\"BreadcrumbList\",\"@id\":\"https:\\\/\\\/camping-latama.com\\\/es\\\/alojamiento-confortable\\\/cabana-oasis-4-personas\\\/#breadcrumb\",\"itemListElement\":[{\"@type\":\"ListItem\",\"position\":1,\"name\":\"Camping Cap d'Agde\",\"item\":\"https:\\\/\\\/camping-latama.com\\\/es\\\/inicio\\\/\"},{\"@type\":\"ListItem\",\"position\":2,\"name\":\"Chalets Agde\",\"item\":\"https:\\\/\\\/camping-latama.com\\\/es\\\/alojamiento-confortable\\\/\"},{\"@type\":\"ListItem\",\"position\":3,\"name\":\"Chalet Classik 5 plazas\"}]},{\"@type\":\"WebSite\",\"@id\":\"https:\\\/\\\/camping-latama.com\\\/es\\\/#website\",\"url\":\"https:\\\/\\\/camping-latama.com\\\/es\\\/\",\"name\":\"Camping La Tamarissi\u00e8re\",\"description\":\"\",\"potentialAction\":[{\"@type\":\"SearchAction\",\"target\":{\"@type\":\"EntryPoint\",\"urlTemplate\":\"https:\\\/\\\/camping-latama.com\\\/es\\\/?s={search_term_string}\"},\"query-input\":{\"@type\":\"PropertyValueSpecification\",\"valueRequired\":true,\"valueName\":\"search_term_string\"}}],\"inLanguage\":\"es\"}]}<\/script>\n<!-- \/ Yoast SEO plugin. -->","yoast_head_json":{"title":"Casa rural Oasis en Agde junto al mar","description":"Descubre nuestro camping y sus chal\u00e9s en el coraz\u00f3n de un entorno natural \u00fanico.","robots":{"index":"index","follow":"follow","max-snippet":"max-snippet:-1","max-image-preview":"max-image-preview:large","max-video-preview":"max-video-preview:-1"},"canonical":"https:\/\/camping-latama.com\/es\/alojamiento-confortable\/cabana-oasis-4-personas\/","og_locale":"es_ES","og_type":"article","og_title":"Casa rural Oasis en Agde junto al mar","og_description":"Descubre nuestro camping y sus chal\u00e9s en el coraz\u00f3n de un entorno natural \u00fanico.","og_url":"https:\/\/camping-latama.com\/es\/alojamiento-confortable\/cabana-oasis-4-personas\/","og_site_name":"Camping La Tama","og_image":[{"width":800,"height":533,"url":"https:\/\/camping-latama.com\/wp-content\/uploads\/2026\/05\/I7A0008.jpg","type":"image\/jpeg"}],"twitter_card":"summary_large_image","schema":{"@context":"https:\/\/schema.org","@graph":[{"@type":"WebPage","@id":"https:\/\/camping-latama.com\/es\/alojamiento-confortable\/cabana-oasis-4-personas\/","url":"https:\/\/camping-latama.com\/es\/alojamiento-confortable\/cabana-oasis-4-personas\/","name":"Casa rural Oasis en Agde junto al mar","isPartOf":{"@id":"https:\/\/camping-latama.com\/es\/#website"},"primaryImageOfPage":{"@id":"https:\/\/camping-latama.com\/es\/alojamiento-confortable\/cabana-oasis-4-personas\/#primaryimage"},"image":{"@id":"https:\/\/camping-latama.com\/es\/alojamiento-confortable\/cabana-oasis-4-personas\/#primaryimage"},"thumbnailUrl":"https:\/\/camping-latama.com\/wp-content\/uploads\/2026\/05\/I7A0008.jpg","datePublished":"2026-05-07T11:54:40+00:00","description":"Descubre nuestro camping y sus chal\u00e9s en el coraz\u00f3n de un entorno natural \u00fanico.","breadcrumb":{"@id":"https:\/\/camping-latama.com\/es\/alojamiento-confortable\/cabana-oasis-4-personas\/#breadcrumb"},"inLanguage":"es","potentialAction":[{"@type":"ReadAction","target":["https:\/\/camping-latama.com\/es\/alojamiento-confortable\/cabana-oasis-4-personas\/"]}]},{"@type":"ImageObject","inLanguage":"es","@id":"https:\/\/camping-latama.com\/es\/alojamiento-confortable\/cabana-oasis-4-personas\/#primaryimage","url":"https:\/\/camping-latama.com\/wp-content\/uploads\/2026\/05\/I7A0008.jpg","contentUrl":"https:\/\/camping-latama.com\/wp-content\/uploads\/2026\/05\/I7A0008.jpg","width":800,"height":533},{"@type":"BreadcrumbList","@id":"https:\/\/camping-latama.com\/es\/alojamiento-confortable\/cabana-oasis-4-personas\/#breadcrumb","itemListElement":[{"@type":"ListItem","position":1,"name":"Camping Cap d'Agde","item":"https:\/\/camping-latama.com\/es\/inicio\/"},{"@type":"ListItem","position":2,"name":"Chalets Agde","item":"https:\/\/camping-latama.com\/es\/alojamiento-confortable\/"},{"@type":"ListItem","position":3,"name":"Chalet Classik 5 plazas"}]},{"@type":"WebSite","@id":"https:\/\/camping-latama.com\/es\/#website","url":"https:\/\/camping-latama.com\/es\/","name":"Camping La Tamarissi\u00e8re","description":"","potentialAction":[{"@type":"SearchAction","target":{"@type":"EntryPoint","urlTemplate":"https:\/\/camping-latama.com\/es\/?s={search_term_string}"},"query-input":{"@type":"PropertyValueSpecification","valueRequired":true,"valueName":"search_term_string"}}],"inLanguage":"es"}]}},"_links":{"self":[{"href":"https:\/\/camping-latama.com\/es\/wp-json\/wp\/v2\/pages\/78822","targetHints":{"allow":["GET"]}}],"collection":[{"href":"https:\/\/camping-latama.com\/es\/wp-json\/wp\/v2\/pages"}],"about":[{"href":"https:\/\/camping-latama.com\/es\/wp-json\/wp\/v2\/types\/page"}],"author":[{"embeddable":true,"href":"https:\/\/camping-latama.com\/es\/wp-json\/wp\/v2\/users\/1"}],"replies":[{"embeddable":true,"href":"https:\/\/camping-latama.com\/es\/wp-json\/wp\/v2\/comments?post=78822"}],"version-history":[{"count":0,"href":"https:\/\/camping-latama.com\/es\/wp-json\/wp\/v2\/pages\/78822\/revisions"}],"up":[{"embeddable":true,"href":"https:\/\/camping-latama.com\/es\/wp-json\/wp\/v2\/pages\/76197"}],"wp:featuredmedia":[{"embeddable":true,"href":"https:\/\/camping-latama.com\/es\/wp-json\/wp\/v2\/media\/78835"}],"wp:attachment":[{"href":"https:\/\/camping-latama.com\/es\/wp-json\/wp\/v2\/media?parent=78822"}],"wp:term":[{"taxonomy":"avantage","embeddable":true,"href":"https:\/\/camping-latama.com\/es\/wp-json\/wp\/v2\/avantage?post=78822"}],"curies":[{"name":"wp","href":"https:\/\/api.w.org\/{rel}","templated":true}]}}