{"id":77262,"date":"2026-02-12T12:38:16","date_gmt":"2026-02-12T12:38:16","guid":{"rendered":"https:\/\/camping-latama.com\/alojamiento-confortable\/chalet-classik-5-plazas\/"},"modified":"2026-02-12T12:38:16","modified_gmt":"2026-02-12T12:38:16","slug":"chalet-classik-5-plazas","status":"publish","type":"page","link":"https:\/\/camping-latama.com\/es\/alojamiento-confortable\/chalet-classik-5-plazas\/","title":{"rendered":"Chalet Classik 5 plazas"},"content":{"rendered":"","protected":false},"excerpt":{"rendered":"","protected":false},"author":4,"featured_media":77268,"parent":76197,"menu_order":0,"comment_status":"closed","ping_status":"closed","template":"templates\/tpl-hebergement.php","meta":{"_acf_changed":false,"inline_featured_image":false,"footnotes":""},"avantage":[],"class_list":["post-77262","page","type-page","status-publish","has-post-thumbnail","hentry"],"acf":[],"yoast_head":"<!-- This site is optimized with the Yoast SEO plugin v27.4 - https:\/\/yoast.com\/product\/yoast-seo-wordpress\/ -->\n<title>Chalet Classik en Cap d&#039;Agde junto al mar<\/title>\n<meta name=\"description\" content=\"Descubre nuestro camping y sus chal\u00e9s en el coraz\u00f3n de un entorno natural \u00fanico.\" \/>\n<meta name=\"robots\" content=\"index, follow, max-snippet:-1, max-image-preview:large, max-video-preview:-1\" \/>\n<link rel=\"canonical\" href=\"https:\/\/camping-latama.com\/es\/alojamiento-confortable\/chalet-classik-5-plazas\/\" \/>\n<meta property=\"og:locale\" content=\"es_ES\" \/>\n<meta property=\"og:type\" content=\"article\" \/>\n<meta property=\"og:title\" content=\"Chalet Classik en Cap d&#039;Agde junto al mar\" \/>\n<meta property=\"og:description\" content=\"Descubre nuestro camping y sus chal\u00e9s en el coraz\u00f3n de un entorno natural \u00fanico.\" \/>\n<meta property=\"og:url\" content=\"https:\/\/camping-latama.com\/es\/alojamiento-confortable\/chalet-classik-5-plazas\/\" \/>\n<meta property=\"og:site_name\" content=\"Camping La Tama\" \/>\n<meta property=\"og:image\" content=\"https:\/\/camping-latama.com\/wp-content\/uploads\/2026\/03\/chalet-classik-01-1-scaled.jpg\" \/>\n\t<meta property=\"og:image:width\" content=\"2560\" \/>\n\t<meta property=\"og:image:height\" content=\"1920\" \/>\n\t<meta property=\"og:image:type\" content=\"image\/jpeg\" \/>\n<meta name=\"twitter:card\" content=\"summary_large_image\" \/>\n<script type=\"application\/ld+json\" class=\"yoast-schema-graph\">{\"@context\":\"https:\\\/\\\/schema.org\",\"@graph\":[{\"@type\":\"WebPage\",\"@id\":\"https:\\\/\\\/camping-latama.com\\\/es\\\/alojamiento-confortable\\\/chalet-classik-5-plazas\\\/\",\"url\":\"https:\\\/\\\/camping-latama.com\\\/es\\\/alojamiento-confortable\\\/chalet-classik-5-plazas\\\/\",\"name\":\"Chalet Classik en Cap d'Agde junto al mar\",\"isPartOf\":{\"@id\":\"https:\\\/\\\/camping-latama.com\\\/es\\\/#website\"},\"primaryImageOfPage\":{\"@id\":\"https:\\\/\\\/camping-latama.com\\\/es\\\/alojamiento-confortable\\\/chalet-classik-5-plazas\\\/#primaryimage\"},\"image\":{\"@id\":\"https:\\\/\\\/camping-latama.com\\\/es\\\/alojamiento-confortable\\\/chalet-classik-5-plazas\\\/#primaryimage\"},\"thumbnailUrl\":\"https:\\\/\\\/camping-latama.com\\\/wp-content\\\/uploads\\\/2026\\\/03\\\/chalet-classik-01-1-scaled.jpg\",\"datePublished\":\"2026-02-12T12:38:16+00:00\",\"description\":\"Descubre nuestro camping y sus chal\u00e9s en el coraz\u00f3n de un entorno natural \u00fanico.\",\"breadcrumb\":{\"@id\":\"https:\\\/\\\/camping-latama.com\\\/es\\\/alojamiento-confortable\\\/chalet-classik-5-plazas\\\/#breadcrumb\"},\"inLanguage\":\"es\",\"potentialAction\":[{\"@type\":\"ReadAction\",\"target\":[\"https:\\\/\\\/camping-latama.com\\\/es\\\/alojamiento-confortable\\\/chalet-classik-5-plazas\\\/\"]}]},{\"@type\":\"ImageObject\",\"inLanguage\":\"es\",\"@id\":\"https:\\\/\\\/camping-latama.com\\\/es\\\/alojamiento-confortable\\\/chalet-classik-5-plazas\\\/#primaryimage\",\"url\":\"https:\\\/\\\/camping-latama.com\\\/wp-content\\\/uploads\\\/2026\\\/03\\\/chalet-classik-01-1-scaled.jpg\",\"contentUrl\":\"https:\\\/\\\/camping-latama.com\\\/wp-content\\\/uploads\\\/2026\\\/03\\\/chalet-classik-01-1-scaled.jpg\",\"width\":2560,\"height\":1920,\"caption\":\"Chalet Classik 5 plazas\"},{\"@type\":\"BreadcrumbList\",\"@id\":\"https:\\\/\\\/camping-latama.com\\\/es\\\/alojamiento-confortable\\\/chalet-classik-5-plazas\\\/#breadcrumb\",\"itemListElement\":[{\"@type\":\"ListItem\",\"position\":1,\"name\":\"Camping Cap d'Agde\",\"item\":\"https:\\\/\\\/camping-latama.com\\\/es\\\/inicio\\\/\"},{\"@type\":\"ListItem\",\"position\":2,\"name\":\"Chalets Agde\",\"item\":\"https:\\\/\\\/camping-latama.com\\\/es\\\/alojamiento-confortable\\\/\"},{\"@type\":\"ListItem\",\"position\":3,\"name\":\"Chalet Classik 5 plazas\"}]},{\"@type\":\"WebSite\",\"@id\":\"https:\\\/\\\/camping-latama.com\\\/es\\\/#website\",\"url\":\"https:\\\/\\\/camping-latama.com\\\/es\\\/\",\"name\":\"Camping La Tamarissi\u00e8re\",\"description\":\"\",\"potentialAction\":[{\"@type\":\"SearchAction\",\"target\":{\"@type\":\"EntryPoint\",\"urlTemplate\":\"https:\\\/\\\/camping-latama.com\\\/es\\\/?s={search_term_string}\"},\"query-input\":{\"@type\":\"PropertyValueSpecification\",\"valueRequired\":true,\"valueName\":\"search_term_string\"}}],\"inLanguage\":\"es\"}]}<\/script>\n<!-- \/ Yoast SEO plugin. -->","yoast_head_json":{"title":"Chalet Classik en Cap d'Agde junto al mar","description":"Descubre nuestro camping y sus chal\u00e9s en el coraz\u00f3n de un entorno natural \u00fanico.","robots":{"index":"index","follow":"follow","max-snippet":"max-snippet:-1","max-image-preview":"max-image-preview:large","max-video-preview":"max-video-preview:-1"},"canonical":"https:\/\/camping-latama.com\/es\/alojamiento-confortable\/chalet-classik-5-plazas\/","og_locale":"es_ES","og_type":"article","og_title":"Chalet Classik en Cap d'Agde junto al mar","og_description":"Descubre nuestro camping y sus chal\u00e9s en el coraz\u00f3n de un entorno natural \u00fanico.","og_url":"https:\/\/camping-latama.com\/es\/alojamiento-confortable\/chalet-classik-5-plazas\/","og_site_name":"Camping La Tama","og_image":[{"width":2560,"height":1920,"url":"https:\/\/camping-latama.com\/wp-content\/uploads\/2026\/03\/chalet-classik-01-1-scaled.jpg","type":"image\/jpeg"}],"twitter_card":"summary_large_image","schema":{"@context":"https:\/\/schema.org","@graph":[{"@type":"WebPage","@id":"https:\/\/camping-latama.com\/es\/alojamiento-confortable\/chalet-classik-5-plazas\/","url":"https:\/\/camping-latama.com\/es\/alojamiento-confortable\/chalet-classik-5-plazas\/","name":"Chalet Classik en Cap d'Agde junto al mar","isPartOf":{"@id":"https:\/\/camping-latama.com\/es\/#website"},"primaryImageOfPage":{"@id":"https:\/\/camping-latama.com\/es\/alojamiento-confortable\/chalet-classik-5-plazas\/#primaryimage"},"image":{"@id":"https:\/\/camping-latama.com\/es\/alojamiento-confortable\/chalet-classik-5-plazas\/#primaryimage"},"thumbnailUrl":"https:\/\/camping-latama.com\/wp-content\/uploads\/2026\/03\/chalet-classik-01-1-scaled.jpg","datePublished":"2026-02-12T12:38:16+00:00","description":"Descubre nuestro camping y sus chal\u00e9s en el coraz\u00f3n de un entorno natural \u00fanico.","breadcrumb":{"@id":"https:\/\/camping-latama.com\/es\/alojamiento-confortable\/chalet-classik-5-plazas\/#breadcrumb"},"inLanguage":"es","potentialAction":[{"@type":"ReadAction","target":["https:\/\/camping-latama.com\/es\/alojamiento-confortable\/chalet-classik-5-plazas\/"]}]},{"@type":"ImageObject","inLanguage":"es","@id":"https:\/\/camping-latama.com\/es\/alojamiento-confortable\/chalet-classik-5-plazas\/#primaryimage","url":"https:\/\/camping-latama.com\/wp-content\/uploads\/2026\/03\/chalet-classik-01-1-scaled.jpg","contentUrl":"https:\/\/camping-latama.com\/wp-content\/uploads\/2026\/03\/chalet-classik-01-1-scaled.jpg","width":2560,"height":1920,"caption":"Chalet Classik 5 plazas"},{"@type":"BreadcrumbList","@id":"https:\/\/camping-latama.com\/es\/alojamiento-confortable\/chalet-classik-5-plazas\/#breadcrumb","itemListElement":[{"@type":"ListItem","position":1,"name":"Camping Cap d'Agde","item":"https:\/\/camping-latama.com\/es\/inicio\/"},{"@type":"ListItem","position":2,"name":"Chalets Agde","item":"https:\/\/camping-latama.com\/es\/alojamiento-confortable\/"},{"@type":"ListItem","position":3,"name":"Chalet Classik 5 plazas"}]},{"@type":"WebSite","@id":"https:\/\/camping-latama.com\/es\/#website","url":"https:\/\/camping-latama.com\/es\/","name":"Camping La Tamarissi\u00e8re","description":"","potentialAction":[{"@type":"SearchAction","target":{"@type":"EntryPoint","urlTemplate":"https:\/\/camping-latama.com\/es\/?s={search_term_string}"},"query-input":{"@type":"PropertyValueSpecification","valueRequired":true,"valueName":"search_term_string"}}],"inLanguage":"es"}]}},"_links":{"self":[{"href":"https:\/\/camping-latama.com\/es\/wp-json\/wp\/v2\/pages\/77262","targetHints":{"allow":["GET"]}}],"collection":[{"href":"https:\/\/camping-latama.com\/es\/wp-json\/wp\/v2\/pages"}],"about":[{"href":"https:\/\/camping-latama.com\/es\/wp-json\/wp\/v2\/types\/page"}],"author":[{"embeddable":true,"href":"https:\/\/camping-latama.com\/es\/wp-json\/wp\/v2\/users\/4"}],"replies":[{"embeddable":true,"href":"https:\/\/camping-latama.com\/es\/wp-json\/wp\/v2\/comments?post=77262"}],"version-history":[{"count":0,"href":"https:\/\/camping-latama.com\/es\/wp-json\/wp\/v2\/pages\/77262\/revisions"}],"up":[{"embeddable":true,"href":"https:\/\/camping-latama.com\/es\/wp-json\/wp\/v2\/pages\/76197"}],"wp:featuredmedia":[{"embeddable":true,"href":"https:\/\/camping-latama.com\/es\/wp-json\/wp\/v2\/media\/77268"}],"wp:attachment":[{"href":"https:\/\/camping-latama.com\/es\/wp-json\/wp\/v2\/media?parent=77262"}],"wp:term":[{"taxonomy":"avantage","embeddable":true,"href":"https:\/\/camping-latama.com\/es\/wp-json\/wp\/v2\/avantage?post=77262"}],"curies":[{"name":"wp","href":"https:\/\/api.w.org\/{rel}","templated":true}]}}