{"id":77128,"date":"2026-02-12T12:38:16","date_gmt":"2026-02-12T12:38:16","guid":{"rendered":"https:\/\/camping-latama.com\/alojamiento-insolito\/el-albergue-de-bohemia-tiene-5-plazas\/"},"modified":"2026-02-12T12:38:16","modified_gmt":"2026-02-12T12:38:16","slug":"el-albergue-de-bohemia-tiene-5-plazas","status":"publish","type":"page","link":"https:\/\/camping-latama.com\/es\/alojamiento-insolito\/el-albergue-de-bohemia-tiene-5-plazas\/","title":{"rendered":"El Albergue de Bohemia tiene 5 plazas"},"content":{"rendered":"","protected":false},"excerpt":{"rendered":"","protected":false},"author":3,"featured_media":77135,"parent":76733,"menu_order":7,"comment_status":"closed","ping_status":"closed","template":"templates\/tpl-hebergement.php","meta":{"_acf_changed":false,"inline_featured_image":false,"footnotes":""},"avantage":[],"class_list":["post-77128","page","type-page","status-publish","has-post-thumbnail","hentry"],"acf":[],"yoast_head":"<!-- This site is optimized with the Yoast SEO plugin v27.4 - https:\/\/yoast.com\/product\/yoast-seo-wordpress\/ -->\n<title>Alquiler Lodge Camping Cap d&#039;Agde - Lodge Occitanie<\/title>\n<meta name=\"description\" content=\"El Lodge Boh\u00e8me para recargar las pilas en familia o con amigos en Cap d&#039;Agde - Nuestros Lodges con una decoraci\u00f3n \u00fanica en la costa mediterr\u00e1nea\" \/>\n<meta name=\"robots\" content=\"index, follow, max-snippet:-1, max-image-preview:large, max-video-preview:-1\" \/>\n<link rel=\"canonical\" href=\"https:\/\/camping-latama.com\/es\/alojamiento-insolito\/el-albergue-de-bohemia-tiene-5-plazas\/\" \/>\n<meta property=\"og:locale\" content=\"es_ES\" \/>\n<meta property=\"og:type\" content=\"article\" \/>\n<meta property=\"og:title\" content=\"Alquiler Lodge Camping Cap d&#039;Agde - Lodge Occitanie\" \/>\n<meta property=\"og:description\" content=\"El Lodge Boh\u00e8me para recargar las pilas en familia o con amigos en Cap d&#039;Agde - Nuestros Lodges con una decoraci\u00f3n \u00fanica en la costa mediterr\u00e1nea\" \/>\n<meta property=\"og:url\" content=\"https:\/\/camping-latama.com\/es\/alojamiento-insolito\/el-albergue-de-bohemia-tiene-5-plazas\/\" \/>\n<meta property=\"og:site_name\" content=\"Camping La Tama\" \/>\n<meta property=\"og:image\" content=\"https:\/\/camping-latama.com\/wp-content\/uploads\/2026\/03\/lodge-boheme-01-1.jpg\" \/>\n\t<meta property=\"og:image:width\" content=\"1333\" \/>\n\t<meta property=\"og:image:height\" content=\"1000\" \/>\n\t<meta property=\"og:image:type\" content=\"image\/jpeg\" \/>\n<meta name=\"twitter:card\" content=\"summary_large_image\" \/>\n<script type=\"application\/ld+json\" class=\"yoast-schema-graph\">{\"@context\":\"https:\\\/\\\/schema.org\",\"@graph\":[{\"@type\":\"WebPage\",\"@id\":\"https:\\\/\\\/camping-latama.com\\\/es\\\/alojamiento-insolito\\\/el-albergue-de-bohemia-tiene-5-plazas\\\/\",\"url\":\"https:\\\/\\\/camping-latama.com\\\/es\\\/alojamiento-insolito\\\/el-albergue-de-bohemia-tiene-5-plazas\\\/\",\"name\":\"Alquiler Lodge Camping Cap d'Agde - Lodge Occitanie\",\"isPartOf\":{\"@id\":\"https:\\\/\\\/camping-latama.com\\\/es\\\/#website\"},\"primaryImageOfPage\":{\"@id\":\"https:\\\/\\\/camping-latama.com\\\/es\\\/alojamiento-insolito\\\/el-albergue-de-bohemia-tiene-5-plazas\\\/#primaryimage\"},\"image\":{\"@id\":\"https:\\\/\\\/camping-latama.com\\\/es\\\/alojamiento-insolito\\\/el-albergue-de-bohemia-tiene-5-plazas\\\/#primaryimage\"},\"thumbnailUrl\":\"https:\\\/\\\/camping-latama.com\\\/wp-content\\\/uploads\\\/2026\\\/03\\\/lodge-boheme-01-1.jpg\",\"datePublished\":\"2026-02-12T12:38:16+00:00\",\"description\":\"El Lodge Boh\u00e8me para recargar las pilas en familia o con amigos en Cap d'Agde - Nuestros Lodges con una decoraci\u00f3n \u00fanica en la costa mediterr\u00e1nea\",\"breadcrumb\":{\"@id\":\"https:\\\/\\\/camping-latama.com\\\/es\\\/alojamiento-insolito\\\/el-albergue-de-bohemia-tiene-5-plazas\\\/#breadcrumb\"},\"inLanguage\":\"es\",\"potentialAction\":[{\"@type\":\"ReadAction\",\"target\":[\"https:\\\/\\\/camping-latama.com\\\/es\\\/alojamiento-insolito\\\/el-albergue-de-bohemia-tiene-5-plazas\\\/\"]}]},{\"@type\":\"ImageObject\",\"inLanguage\":\"es\",\"@id\":\"https:\\\/\\\/camping-latama.com\\\/es\\\/alojamiento-insolito\\\/el-albergue-de-bohemia-tiene-5-plazas\\\/#primaryimage\",\"url\":\"https:\\\/\\\/camping-latama.com\\\/wp-content\\\/uploads\\\/2026\\\/03\\\/lodge-boheme-01-1.jpg\",\"contentUrl\":\"https:\\\/\\\/camping-latama.com\\\/wp-content\\\/uploads\\\/2026\\\/03\\\/lodge-boheme-01-1.jpg\",\"width\":1333,\"height\":1000,\"caption\":\"El Albergue de Bohemia tiene 5 plazas\"},{\"@type\":\"BreadcrumbList\",\"@id\":\"https:\\\/\\\/camping-latama.com\\\/es\\\/alojamiento-insolito\\\/el-albergue-de-bohemia-tiene-5-plazas\\\/#breadcrumb\",\"itemListElement\":[{\"@type\":\"ListItem\",\"position\":1,\"name\":\"Camping Cap d'Agde\",\"item\":\"https:\\\/\\\/camping-latama.com\\\/es\\\/inicio\\\/\"},{\"@type\":\"ListItem\",\"position\":2,\"name\":\"Alojamiento ins\u00f3lito Agde\",\"item\":\"https:\\\/\\\/camping-latama.com\\\/es\\\/alojamiento-insolito\\\/\"},{\"@type\":\"ListItem\",\"position\":3,\"name\":\"El Albergue de Bohemia tiene 5 plazas\"}]},{\"@type\":\"WebSite\",\"@id\":\"https:\\\/\\\/camping-latama.com\\\/es\\\/#website\",\"url\":\"https:\\\/\\\/camping-latama.com\\\/es\\\/\",\"name\":\"Camping La Tamarissi\u00e8re\",\"description\":\"\",\"potentialAction\":[{\"@type\":\"SearchAction\",\"target\":{\"@type\":\"EntryPoint\",\"urlTemplate\":\"https:\\\/\\\/camping-latama.com\\\/es\\\/?s={search_term_string}\"},\"query-input\":{\"@type\":\"PropertyValueSpecification\",\"valueRequired\":true,\"valueName\":\"search_term_string\"}}],\"inLanguage\":\"es\"}]}<\/script>\n<!-- \/ Yoast SEO plugin. -->","yoast_head_json":{"title":"Alquiler Lodge Camping Cap d'Agde - Lodge Occitanie","description":"El Lodge Boh\u00e8me para recargar las pilas en familia o con amigos en Cap d'Agde - Nuestros Lodges con una decoraci\u00f3n \u00fanica en la costa mediterr\u00e1nea","robots":{"index":"index","follow":"follow","max-snippet":"max-snippet:-1","max-image-preview":"max-image-preview:large","max-video-preview":"max-video-preview:-1"},"canonical":"https:\/\/camping-latama.com\/es\/alojamiento-insolito\/el-albergue-de-bohemia-tiene-5-plazas\/","og_locale":"es_ES","og_type":"article","og_title":"Alquiler Lodge Camping Cap d'Agde - Lodge Occitanie","og_description":"El Lodge Boh\u00e8me para recargar las pilas en familia o con amigos en Cap d'Agde - Nuestros Lodges con una decoraci\u00f3n \u00fanica en la costa mediterr\u00e1nea","og_url":"https:\/\/camping-latama.com\/es\/alojamiento-insolito\/el-albergue-de-bohemia-tiene-5-plazas\/","og_site_name":"Camping La Tama","og_image":[{"width":1333,"height":1000,"url":"https:\/\/camping-latama.com\/wp-content\/uploads\/2026\/03\/lodge-boheme-01-1.jpg","type":"image\/jpeg"}],"twitter_card":"summary_large_image","schema":{"@context":"https:\/\/schema.org","@graph":[{"@type":"WebPage","@id":"https:\/\/camping-latama.com\/es\/alojamiento-insolito\/el-albergue-de-bohemia-tiene-5-plazas\/","url":"https:\/\/camping-latama.com\/es\/alojamiento-insolito\/el-albergue-de-bohemia-tiene-5-plazas\/","name":"Alquiler Lodge Camping Cap d'Agde - Lodge Occitanie","isPartOf":{"@id":"https:\/\/camping-latama.com\/es\/#website"},"primaryImageOfPage":{"@id":"https:\/\/camping-latama.com\/es\/alojamiento-insolito\/el-albergue-de-bohemia-tiene-5-plazas\/#primaryimage"},"image":{"@id":"https:\/\/camping-latama.com\/es\/alojamiento-insolito\/el-albergue-de-bohemia-tiene-5-plazas\/#primaryimage"},"thumbnailUrl":"https:\/\/camping-latama.com\/wp-content\/uploads\/2026\/03\/lodge-boheme-01-1.jpg","datePublished":"2026-02-12T12:38:16+00:00","description":"El Lodge Boh\u00e8me para recargar las pilas en familia o con amigos en Cap d'Agde - Nuestros Lodges con una decoraci\u00f3n \u00fanica en la costa mediterr\u00e1nea","breadcrumb":{"@id":"https:\/\/camping-latama.com\/es\/alojamiento-insolito\/el-albergue-de-bohemia-tiene-5-plazas\/#breadcrumb"},"inLanguage":"es","potentialAction":[{"@type":"ReadAction","target":["https:\/\/camping-latama.com\/es\/alojamiento-insolito\/el-albergue-de-bohemia-tiene-5-plazas\/"]}]},{"@type":"ImageObject","inLanguage":"es","@id":"https:\/\/camping-latama.com\/es\/alojamiento-insolito\/el-albergue-de-bohemia-tiene-5-plazas\/#primaryimage","url":"https:\/\/camping-latama.com\/wp-content\/uploads\/2026\/03\/lodge-boheme-01-1.jpg","contentUrl":"https:\/\/camping-latama.com\/wp-content\/uploads\/2026\/03\/lodge-boheme-01-1.jpg","width":1333,"height":1000,"caption":"El Albergue de Bohemia tiene 5 plazas"},{"@type":"BreadcrumbList","@id":"https:\/\/camping-latama.com\/es\/alojamiento-insolito\/el-albergue-de-bohemia-tiene-5-plazas\/#breadcrumb","itemListElement":[{"@type":"ListItem","position":1,"name":"Camping Cap d'Agde","item":"https:\/\/camping-latama.com\/es\/inicio\/"},{"@type":"ListItem","position":2,"name":"Alojamiento ins\u00f3lito Agde","item":"https:\/\/camping-latama.com\/es\/alojamiento-insolito\/"},{"@type":"ListItem","position":3,"name":"El Albergue de Bohemia tiene 5 plazas"}]},{"@type":"WebSite","@id":"https:\/\/camping-latama.com\/es\/#website","url":"https:\/\/camping-latama.com\/es\/","name":"Camping La Tamarissi\u00e8re","description":"","potentialAction":[{"@type":"SearchAction","target":{"@type":"EntryPoint","urlTemplate":"https:\/\/camping-latama.com\/es\/?s={search_term_string}"},"query-input":{"@type":"PropertyValueSpecification","valueRequired":true,"valueName":"search_term_string"}}],"inLanguage":"es"}]}},"_links":{"self":[{"href":"https:\/\/camping-latama.com\/es\/wp-json\/wp\/v2\/pages\/77128","targetHints":{"allow":["GET"]}}],"collection":[{"href":"https:\/\/camping-latama.com\/es\/wp-json\/wp\/v2\/pages"}],"about":[{"href":"https:\/\/camping-latama.com\/es\/wp-json\/wp\/v2\/types\/page"}],"author":[{"embeddable":true,"href":"https:\/\/camping-latama.com\/es\/wp-json\/wp\/v2\/users\/3"}],"replies":[{"embeddable":true,"href":"https:\/\/camping-latama.com\/es\/wp-json\/wp\/v2\/comments?post=77128"}],"version-history":[{"count":0,"href":"https:\/\/camping-latama.com\/es\/wp-json\/wp\/v2\/pages\/77128\/revisions"}],"up":[{"embeddable":true,"href":"https:\/\/camping-latama.com\/es\/wp-json\/wp\/v2\/pages\/76733"}],"wp:featuredmedia":[{"embeddable":true,"href":"https:\/\/camping-latama.com\/es\/wp-json\/wp\/v2\/media\/77135"}],"wp:attachment":[{"href":"https:\/\/camping-latama.com\/es\/wp-json\/wp\/v2\/media?parent=77128"}],"wp:term":[{"taxonomy":"avantage","embeddable":true,"href":"https:\/\/camping-latama.com\/es\/wp-json\/wp\/v2\/avantage?post=77128"}],"curies":[{"name":"wp","href":"https:\/\/api.w.org\/{rel}","templated":true}]}}