{"id":76811,"date":"2026-02-12T10:19:50","date_gmt":"2026-02-12T10:19:50","guid":{"rendered":"https:\/\/camping-latama.com\/inicio\/"},"modified":"2026-05-12T13:25:34","modified_gmt":"2026-05-12T13:25:34","slug":"inicio","status":"publish","type":"page","link":"https:\/\/camping-latama.com\/es\/","title":{"rendered":"Inicio"},"content":{"rendered":"","protected":false},"excerpt":{"rendered":"","protected":false},"author":3,"featured_media":0,"parent":0,"menu_order":15,"comment_status":"closed","ping_status":"closed","template":"","meta":{"_acf_changed":false,"inline_featured_image":false,"footnotes":""},"avantage":[],"class_list":["post-76811","page","type-page","status-publish","hentry"],"acf":[],"yoast_head":"<!-- This site is optimized with the Yoast SEO plugin v27.6 - https:\/\/yoast.com\/product\/yoast-seo-wordpress\/ -->\n<title>C\u00e1mping Cap d&#039;Agde La Tama 4*, C\u00e1mping en Agde, H\u00e9rault 34<\/title>\n<meta name=\"description\" content=\"Descubre el camping La Tamarissi\u00e8re 4****, situado al borde de Agde y Cap d&#039;Adge, que se orienta hacia un estilo de vida m\u00e1s sostenible y te ofrece un entorno saludable en plena naturaleza.\" \/>\n<meta name=\"robots\" content=\"index, follow, max-snippet:-1, max-image-preview:large, max-video-preview:-1\" \/>\n<link rel=\"canonical\" href=\"https:\/\/camping-latama.com\/es\/\" \/>\n<meta property=\"og:locale\" content=\"es_ES\" \/>\n<meta property=\"og:type\" content=\"article\" \/>\n<meta property=\"og:title\" content=\"C\u00e1mping Cap d&#039;Agde La Tama 4*, C\u00e1mping en Agde, H\u00e9rault 34\" \/>\n<meta property=\"og:description\" content=\"Descubre el camping La Tamarissi\u00e8re 4****, situado al borde de Agde y Cap d&#039;Adge, que se orienta hacia un estilo de vida m\u00e1s sostenible y te ofrece un entorno saludable en plena naturaleza.\" \/>\n<meta property=\"og:url\" content=\"https:\/\/camping-latama.com\/es\/\" \/>\n<meta property=\"og:site_name\" content=\"Camping La Tama\" \/>\n<meta property=\"article:modified_time\" content=\"2026-05-12T13:25:34+00:00\" \/>\n<meta name=\"twitter:card\" content=\"summary_large_image\" \/>\n<script type=\"application\/ld+json\" class=\"yoast-schema-graph\">{\"@context\":\"https:\\\/\\\/schema.org\",\"@graph\":[{\"@type\":\"WebPage\",\"@id\":\"https:\\\/\\\/camping-latama.com\\\/es\\\/\",\"url\":\"https:\\\/\\\/camping-latama.com\\\/es\\\/\",\"name\":\"C\u00e1mping Cap d'Agde La Tama 4*, C\u00e1mping en Agde, H\u00e9rault 34\",\"isPartOf\":{\"@id\":\"https:\\\/\\\/camping-latama.com\\\/es\\\/#website\"},\"datePublished\":\"2026-02-12T10:19:50+00:00\",\"dateModified\":\"2026-05-12T13:25:34+00:00\",\"description\":\"Descubre el camping La Tamarissi\u00e8re 4****, situado al borde de Agde y Cap d'Adge, que se orienta hacia un estilo de vida m\u00e1s sostenible y te ofrece un entorno saludable en plena naturaleza.\",\"breadcrumb\":{\"@id\":\"https:\\\/\\\/camping-latama.com\\\/es\\\/#breadcrumb\"},\"inLanguage\":\"es\",\"potentialAction\":[{\"@type\":\"ReadAction\",\"target\":[\"https:\\\/\\\/camping-latama.com\\\/es\\\/\"]}]},{\"@type\":\"BreadcrumbList\",\"@id\":\"https:\\\/\\\/camping-latama.com\\\/es\\\/#breadcrumb\",\"itemListElement\":[{\"@type\":\"ListItem\",\"position\":1,\"name\":\"Camping Cap d'Agde\",\"item\":\"https:\\\/\\\/camping-latama.com\\\/es\\\/inicio\\\/\"},{\"@type\":\"ListItem\",\"position\":2,\"name\":\"Inicio\"}]},{\"@type\":\"WebSite\",\"@id\":\"https:\\\/\\\/camping-latama.com\\\/es\\\/#website\",\"url\":\"https:\\\/\\\/camping-latama.com\\\/es\\\/\",\"name\":\"Camping La Tamarissi\u00e8re\",\"description\":\"\",\"potentialAction\":[{\"@type\":\"SearchAction\",\"target\":{\"@type\":\"EntryPoint\",\"urlTemplate\":\"https:\\\/\\\/camping-latama.com\\\/es\\\/?s={search_term_string}\"},\"query-input\":{\"@type\":\"PropertyValueSpecification\",\"valueRequired\":true,\"valueName\":\"search_term_string\"}}],\"inLanguage\":\"es\"}]}<\/script>\n<!-- \/ Yoast SEO plugin. -->","yoast_head_json":{"title":"C\u00e1mping Cap d'Agde La Tama 4*, C\u00e1mping en Agde, H\u00e9rault 34","description":"Descubre el camping La Tamarissi\u00e8re 4****, situado al borde de Agde y Cap d'Adge, que se orienta hacia un estilo de vida m\u00e1s sostenible y te ofrece un entorno saludable en plena naturaleza.","robots":{"index":"index","follow":"follow","max-snippet":"max-snippet:-1","max-image-preview":"max-image-preview:large","max-video-preview":"max-video-preview:-1"},"canonical":"https:\/\/camping-latama.com\/es\/","og_locale":"es_ES","og_type":"article","og_title":"C\u00e1mping Cap d'Agde La Tama 4*, C\u00e1mping en Agde, H\u00e9rault 34","og_description":"Descubre el camping La Tamarissi\u00e8re 4****, situado al borde de Agde y Cap d'Adge, que se orienta hacia un estilo de vida m\u00e1s sostenible y te ofrece un entorno saludable en plena naturaleza.","og_url":"https:\/\/camping-latama.com\/es\/","og_site_name":"Camping La Tama","article_modified_time":"2026-05-12T13:25:34+00:00","twitter_card":"summary_large_image","schema":{"@context":"https:\/\/schema.org","@graph":[{"@type":"WebPage","@id":"https:\/\/camping-latama.com\/es\/","url":"https:\/\/camping-latama.com\/es\/","name":"C\u00e1mping Cap d'Agde La Tama 4*, C\u00e1mping en Agde, H\u00e9rault 34","isPartOf":{"@id":"https:\/\/camping-latama.com\/es\/#website"},"datePublished":"2026-02-12T10:19:50+00:00","dateModified":"2026-05-12T13:25:34+00:00","description":"Descubre el camping La Tamarissi\u00e8re 4****, situado al borde de Agde y Cap d'Adge, que se orienta hacia un estilo de vida m\u00e1s sostenible y te ofrece un entorno saludable en plena naturaleza.","breadcrumb":{"@id":"https:\/\/camping-latama.com\/es\/#breadcrumb"},"inLanguage":"es","potentialAction":[{"@type":"ReadAction","target":["https:\/\/camping-latama.com\/es\/"]}]},{"@type":"BreadcrumbList","@id":"https:\/\/camping-latama.com\/es\/#breadcrumb","itemListElement":[{"@type":"ListItem","position":1,"name":"Camping Cap d'Agde","item":"https:\/\/camping-latama.com\/es\/inicio\/"},{"@type":"ListItem","position":2,"name":"Inicio"}]},{"@type":"WebSite","@id":"https:\/\/camping-latama.com\/es\/#website","url":"https:\/\/camping-latama.com\/es\/","name":"Camping La Tamarissi\u00e8re","description":"","potentialAction":[{"@type":"SearchAction","target":{"@type":"EntryPoint","urlTemplate":"https:\/\/camping-latama.com\/es\/?s={search_term_string}"},"query-input":{"@type":"PropertyValueSpecification","valueRequired":true,"valueName":"search_term_string"}}],"inLanguage":"es"}]}},"_links":{"self":[{"href":"https:\/\/camping-latama.com\/es\/wp-json\/wp\/v2\/pages\/76811","targetHints":{"allow":["GET"]}}],"collection":[{"href":"https:\/\/camping-latama.com\/es\/wp-json\/wp\/v2\/pages"}],"about":[{"href":"https:\/\/camping-latama.com\/es\/wp-json\/wp\/v2\/types\/page"}],"author":[{"embeddable":true,"href":"https:\/\/camping-latama.com\/es\/wp-json\/wp\/v2\/users\/3"}],"replies":[{"embeddable":true,"href":"https:\/\/camping-latama.com\/es\/wp-json\/wp\/v2\/comments?post=76811"}],"version-history":[{"count":3,"href":"https:\/\/camping-latama.com\/es\/wp-json\/wp\/v2\/pages\/76811\/revisions"}],"predecessor-version":[{"id":78124,"href":"https:\/\/camping-latama.com\/es\/wp-json\/wp\/v2\/pages\/76811\/revisions\/78124"}],"wp:attachment":[{"href":"https:\/\/camping-latama.com\/es\/wp-json\/wp\/v2\/media?parent=76811"}],"wp:term":[{"taxonomy":"avantage","embeddable":true,"href":"https:\/\/camping-latama.com\/es\/wp-json\/wp\/v2\/avantage?post=76811"}],"curies":[{"name":"wp","href":"https:\/\/api.w.org\/{rel}","templated":true}]}}