{"id":76360,"date":"2026-02-25T13:17:30","date_gmt":"2026-02-25T13:17:30","guid":{"rendered":"https:\/\/camping-latama.com\/animaciones-de-camping\/entretenimiento-nocturno\/"},"modified":"2026-05-05T07:34:57","modified_gmt":"2026-05-05T07:34:57","slug":"entretenimiento-nocturno","status":"publish","type":"page","link":"https:\/\/camping-latama.com\/es\/animaciones-de-camping\/entretenimiento-nocturno\/","title":{"rendered":"Entretenimiento"},"content":{"rendered":"","protected":false},"excerpt":{"rendered":"","protected":false},"author":4,"featured_media":76367,"parent":76298,"menu_order":2,"comment_status":"closed","ping_status":"closed","template":"","meta":{"_acf_changed":false,"inline_featured_image":false,"footnotes":""},"avantage":[],"class_list":["post-76360","page","type-page","status-publish","has-post-thumbnail","hentry"],"acf":[],"yoast_head":"<!-- This site is optimized with the Yoast SEO plugin v27.6 - https:\/\/yoast.com\/product\/yoast-seo-wordpress\/ -->\n<title>C\u00e1mping con animaci\u00f3n: Disfruta de veladas espectaculares en Agde<\/title>\n<meta name=\"description\" content=\"\u00a1Vive la emoci\u00f3n de los espect\u00e1culos en el camping La Tamarissi\u00e8re! Espect\u00e1culos en vivo y la Arena en Cap d&#039;Agde. \u00a1Reserva tus vacaciones de 4 estrellas en el H\u00e9rault!\" \/>\n<meta name=\"robots\" content=\"index, follow, max-snippet:-1, max-image-preview:large, max-video-preview:-1\" \/>\n<link rel=\"canonical\" href=\"https:\/\/camping-latama.com\/es\/animaciones-de-camping\/entretenimiento-nocturno\/\" \/>\n<meta property=\"og:locale\" content=\"es_ES\" \/>\n<meta property=\"og:type\" content=\"article\" \/>\n<meta property=\"og:title\" content=\"C\u00e1mping con animaci\u00f3n: Disfruta de veladas espectaculares en Agde\" \/>\n<meta property=\"og:description\" content=\"\u00a1Vive la emoci\u00f3n de los espect\u00e1culos en el camping La Tamarissi\u00e8re! Espect\u00e1culos en vivo y la Arena en Cap d&#039;Agde. \u00a1Reserva tus vacaciones de 4 estrellas en el H\u00e9rault!\" \/>\n<meta property=\"og:url\" content=\"https:\/\/camping-latama.com\/es\/animaciones-de-camping\/entretenimiento-nocturno\/\" \/>\n<meta property=\"og:site_name\" content=\"Camping La Tama\" \/>\n<meta property=\"article:modified_time\" content=\"2026-05-05T07:34:57+00:00\" \/>\n<meta property=\"og:image\" content=\"https:\/\/camping-latama.com\/wp-content\/uploads\/2026\/03\/camping-avec-spectacle-03.jpg\" \/>\n\t<meta property=\"og:image:width\" content=\"2048\" \/>\n\t<meta property=\"og:image:height\" content=\"1366\" \/>\n\t<meta property=\"og:image:type\" content=\"image\/jpeg\" \/>\n<meta name=\"twitter:card\" content=\"summary_large_image\" \/>\n<script type=\"application\/ld+json\" class=\"yoast-schema-graph\">{\"@context\":\"https:\\\/\\\/schema.org\",\"@graph\":[{\"@type\":\"WebPage\",\"@id\":\"https:\\\/\\\/camping-latama.com\\\/es\\\/animaciones-de-camping\\\/entretenimiento-nocturno\\\/\",\"url\":\"https:\\\/\\\/camping-latama.com\\\/es\\\/animaciones-de-camping\\\/entretenimiento-nocturno\\\/\",\"name\":\"C\u00e1mping con animaci\u00f3n: Disfruta de veladas espectaculares en Agde\",\"isPartOf\":{\"@id\":\"https:\\\/\\\/camping-latama.com\\\/es\\\/#website\"},\"primaryImageOfPage\":{\"@id\":\"https:\\\/\\\/camping-latama.com\\\/es\\\/animaciones-de-camping\\\/entretenimiento-nocturno\\\/#primaryimage\"},\"image\":{\"@id\":\"https:\\\/\\\/camping-latama.com\\\/es\\\/animaciones-de-camping\\\/entretenimiento-nocturno\\\/#primaryimage\"},\"thumbnailUrl\":\"https:\\\/\\\/camping-latama.com\\\/wp-content\\\/uploads\\\/2026\\\/03\\\/camping-avec-spectacle-03.jpg\",\"datePublished\":\"2026-02-25T13:17:30+00:00\",\"dateModified\":\"2026-05-05T07:34:57+00:00\",\"description\":\"\u00a1Vive la emoci\u00f3n de los espect\u00e1culos en el camping La Tamarissi\u00e8re! Espect\u00e1culos en vivo y la Arena en Cap d'Agde. \u00a1Reserva tus vacaciones de 4 estrellas en el H\u00e9rault!\",\"breadcrumb\":{\"@id\":\"https:\\\/\\\/camping-latama.com\\\/es\\\/animaciones-de-camping\\\/entretenimiento-nocturno\\\/#breadcrumb\"},\"inLanguage\":\"es\",\"potentialAction\":[{\"@type\":\"ReadAction\",\"target\":[\"https:\\\/\\\/camping-latama.com\\\/es\\\/animaciones-de-camping\\\/entretenimiento-nocturno\\\/\"]}]},{\"@type\":\"ImageObject\",\"inLanguage\":\"es\",\"@id\":\"https:\\\/\\\/camping-latama.com\\\/es\\\/animaciones-de-camping\\\/entretenimiento-nocturno\\\/#primaryimage\",\"url\":\"https:\\\/\\\/camping-latama.com\\\/wp-content\\\/uploads\\\/2026\\\/03\\\/camping-avec-spectacle-03.jpg\",\"contentUrl\":\"https:\\\/\\\/camping-latama.com\\\/wp-content\\\/uploads\\\/2026\\\/03\\\/camping-avec-spectacle-03.jpg\",\"width\":2048,\"height\":1366,\"caption\":\"C\u00e1mping con espect\u00e1culos\"},{\"@type\":\"BreadcrumbList\",\"@id\":\"https:\\\/\\\/camping-latama.com\\\/es\\\/animaciones-de-camping\\\/entretenimiento-nocturno\\\/#breadcrumb\",\"itemListElement\":[{\"@type\":\"ListItem\",\"position\":1,\"name\":\"Camping Cap d'Agde\",\"item\":\"https:\\\/\\\/camping-latama.com\\\/es\\\/inicio\\\/\"},{\"@type\":\"ListItem\",\"position\":2,\"name\":\"Animaci\u00f3n en el camping\",\"item\":\"https:\\\/\\\/camping-latama.com\\\/es\\\/animaciones-de-camping\\\/\"},{\"@type\":\"ListItem\",\"position\":3,\"name\":\"Espect\u00e1culo de C\u00e1mping\"}]},{\"@type\":\"WebSite\",\"@id\":\"https:\\\/\\\/camping-latama.com\\\/es\\\/#website\",\"url\":\"https:\\\/\\\/camping-latama.com\\\/es\\\/\",\"name\":\"Camping La Tamarissi\u00e8re\",\"description\":\"\",\"potentialAction\":[{\"@type\":\"SearchAction\",\"target\":{\"@type\":\"EntryPoint\",\"urlTemplate\":\"https:\\\/\\\/camping-latama.com\\\/es\\\/?s={search_term_string}\"},\"query-input\":{\"@type\":\"PropertyValueSpecification\",\"valueRequired\":true,\"valueName\":\"search_term_string\"}}],\"inLanguage\":\"es\"}]}<\/script>\n<!-- \/ Yoast SEO plugin. -->","yoast_head_json":{"title":"C\u00e1mping con animaci\u00f3n: Disfruta de veladas espectaculares en Agde","description":"\u00a1Vive la emoci\u00f3n de los espect\u00e1culos en el camping La Tamarissi\u00e8re! Espect\u00e1culos en vivo y la Arena en Cap d'Agde. \u00a1Reserva tus vacaciones de 4 estrellas en el H\u00e9rault!","robots":{"index":"index","follow":"follow","max-snippet":"max-snippet:-1","max-image-preview":"max-image-preview:large","max-video-preview":"max-video-preview:-1"},"canonical":"https:\/\/camping-latama.com\/es\/animaciones-de-camping\/entretenimiento-nocturno\/","og_locale":"es_ES","og_type":"article","og_title":"C\u00e1mping con animaci\u00f3n: Disfruta de veladas espectaculares en Agde","og_description":"\u00a1Vive la emoci\u00f3n de los espect\u00e1culos en el camping La Tamarissi\u00e8re! Espect\u00e1culos en vivo y la Arena en Cap d'Agde. \u00a1Reserva tus vacaciones de 4 estrellas en el H\u00e9rault!","og_url":"https:\/\/camping-latama.com\/es\/animaciones-de-camping\/entretenimiento-nocturno\/","og_site_name":"Camping La Tama","article_modified_time":"2026-05-05T07:34:57+00:00","og_image":[{"width":2048,"height":1366,"url":"https:\/\/camping-latama.com\/wp-content\/uploads\/2026\/03\/camping-avec-spectacle-03.jpg","type":"image\/jpeg"}],"twitter_card":"summary_large_image","schema":{"@context":"https:\/\/schema.org","@graph":[{"@type":"WebPage","@id":"https:\/\/camping-latama.com\/es\/animaciones-de-camping\/entretenimiento-nocturno\/","url":"https:\/\/camping-latama.com\/es\/animaciones-de-camping\/entretenimiento-nocturno\/","name":"C\u00e1mping con animaci\u00f3n: Disfruta de veladas espectaculares en Agde","isPartOf":{"@id":"https:\/\/camping-latama.com\/es\/#website"},"primaryImageOfPage":{"@id":"https:\/\/camping-latama.com\/es\/animaciones-de-camping\/entretenimiento-nocturno\/#primaryimage"},"image":{"@id":"https:\/\/camping-latama.com\/es\/animaciones-de-camping\/entretenimiento-nocturno\/#primaryimage"},"thumbnailUrl":"https:\/\/camping-latama.com\/wp-content\/uploads\/2026\/03\/camping-avec-spectacle-03.jpg","datePublished":"2026-02-25T13:17:30+00:00","dateModified":"2026-05-05T07:34:57+00:00","description":"\u00a1Vive la emoci\u00f3n de los espect\u00e1culos en el camping La Tamarissi\u00e8re! Espect\u00e1culos en vivo y la Arena en Cap d'Agde. \u00a1Reserva tus vacaciones de 4 estrellas en el H\u00e9rault!","breadcrumb":{"@id":"https:\/\/camping-latama.com\/es\/animaciones-de-camping\/entretenimiento-nocturno\/#breadcrumb"},"inLanguage":"es","potentialAction":[{"@type":"ReadAction","target":["https:\/\/camping-latama.com\/es\/animaciones-de-camping\/entretenimiento-nocturno\/"]}]},{"@type":"ImageObject","inLanguage":"es","@id":"https:\/\/camping-latama.com\/es\/animaciones-de-camping\/entretenimiento-nocturno\/#primaryimage","url":"https:\/\/camping-latama.com\/wp-content\/uploads\/2026\/03\/camping-avec-spectacle-03.jpg","contentUrl":"https:\/\/camping-latama.com\/wp-content\/uploads\/2026\/03\/camping-avec-spectacle-03.jpg","width":2048,"height":1366,"caption":"C\u00e1mping con espect\u00e1culos"},{"@type":"BreadcrumbList","@id":"https:\/\/camping-latama.com\/es\/animaciones-de-camping\/entretenimiento-nocturno\/#breadcrumb","itemListElement":[{"@type":"ListItem","position":1,"name":"Camping Cap d'Agde","item":"https:\/\/camping-latama.com\/es\/inicio\/"},{"@type":"ListItem","position":2,"name":"Animaci\u00f3n en el camping","item":"https:\/\/camping-latama.com\/es\/animaciones-de-camping\/"},{"@type":"ListItem","position":3,"name":"Espect\u00e1culo de C\u00e1mping"}]},{"@type":"WebSite","@id":"https:\/\/camping-latama.com\/es\/#website","url":"https:\/\/camping-latama.com\/es\/","name":"Camping La Tamarissi\u00e8re","description":"","potentialAction":[{"@type":"SearchAction","target":{"@type":"EntryPoint","urlTemplate":"https:\/\/camping-latama.com\/es\/?s={search_term_string}"},"query-input":{"@type":"PropertyValueSpecification","valueRequired":true,"valueName":"search_term_string"}}],"inLanguage":"es"}]}},"_links":{"self":[{"href":"https:\/\/camping-latama.com\/es\/wp-json\/wp\/v2\/pages\/76360","targetHints":{"allow":["GET"]}}],"collection":[{"href":"https:\/\/camping-latama.com\/es\/wp-json\/wp\/v2\/pages"}],"about":[{"href":"https:\/\/camping-latama.com\/es\/wp-json\/wp\/v2\/types\/page"}],"author":[{"embeddable":true,"href":"https:\/\/camping-latama.com\/es\/wp-json\/wp\/v2\/users\/4"}],"replies":[{"embeddable":true,"href":"https:\/\/camping-latama.com\/es\/wp-json\/wp\/v2\/comments?post=76360"}],"version-history":[{"count":2,"href":"https:\/\/camping-latama.com\/es\/wp-json\/wp\/v2\/pages\/76360\/revisions"}],"predecessor-version":[{"id":78593,"href":"https:\/\/camping-latama.com\/es\/wp-json\/wp\/v2\/pages\/76360\/revisions\/78593"}],"up":[{"embeddable":true,"href":"https:\/\/camping-latama.com\/es\/wp-json\/wp\/v2\/pages\/76298"}],"wp:featuredmedia":[{"embeddable":true,"href":"https:\/\/camping-latama.com\/es\/wp-json\/wp\/v2\/media\/76367"}],"wp:attachment":[{"href":"https:\/\/camping-latama.com\/es\/wp-json\/wp\/v2\/media?parent=76360"}],"wp:term":[{"taxonomy":"avantage","embeddable":true,"href":"https:\/\/camping-latama.com\/es\/wp-json\/wp\/v2\/avantage?post=76360"}],"curies":[{"name":"wp","href":"https:\/\/api.w.org\/{rel}","templated":true}]}}