{"id":77393,"date":"2026-02-12T12:38:16","date_gmt":"2026-02-12T12:38:16","guid":{"rendered":"https:\/\/camping-latama.com\/unusual-accommodations\/masai-premium-tent-5-persons\/"},"modified":"2026-02-12T12:38:16","modified_gmt":"2026-02-12T12:38:16","slug":"masai-premium-tent-5-persons","status":"publish","type":"page","link":"https:\/\/camping-latama.com\/en\/unusual-accommodations\/masai-premium-tent-5-persons\/","title":{"rendered":"Masa\u00ef Premium Tent 5 persons"},"content":{"rendered":"","protected":false},"excerpt":{"rendered":"","protected":false},"author":4,"featured_media":77394,"parent":77066,"menu_order":0,"comment_status":"closed","ping_status":"closed","template":"templates\/tpl-hebergement.php","meta":{"_acf_changed":false,"inline_featured_image":false,"footnotes":""},"avantage":[],"class_list":["post-77393","page","type-page","status-publish","has-post-thumbnail","hentry"],"acf":[],"yoast_head":"<!-- This site is optimized with the Yoast SEO plugin v27.4 - https:\/\/yoast.com\/product\/yoast-seo-wordpress\/ -->\n<title>Tentes Masai Premium - Camping La Tamarissi\u00e8re<\/title>\n<meta name=\"description\" content=\"Escape to the heart of the Tamarissi\u00e8re pine forest, in a comfortable tent, the Tente Masa\u00ef Premium. Spacious and warm, it&#039;s the perfect place for families and friends to relax and unwind...\" \/>\n<meta name=\"robots\" content=\"index, follow, max-snippet:-1, max-image-preview:large, max-video-preview:-1\" \/>\n<link rel=\"canonical\" href=\"https:\/\/camping-latama.com\/en\/unusual-accommodations\/masai-premium-tent-5-persons\/\" \/>\n<meta property=\"og:locale\" content=\"en_US\" \/>\n<meta property=\"og:type\" content=\"article\" \/>\n<meta property=\"og:title\" content=\"Tentes Masai Premium - Camping La Tamarissi\u00e8re\" \/>\n<meta property=\"og:description\" content=\"Escape to the heart of the Tamarissi\u00e8re pine forest, in a comfortable tent, the Tente Masa\u00ef Premium. Spacious and warm, it&#039;s the perfect place for families and friends to relax and unwind...\" \/>\n<meta property=\"og:url\" content=\"https:\/\/camping-latama.com\/en\/unusual-accommodations\/masai-premium-tent-5-persons\/\" \/>\n<meta property=\"og:site_name\" content=\"Camping La Tama\" \/>\n<meta property=\"og:image\" content=\"https:\/\/camping-latama.com\/wp-content\/uploads\/2026\/03\/tente-masai-premium-01-scaled.jpg\" \/>\n\t<meta property=\"og:image:width\" content=\"1920\" \/>\n\t<meta property=\"og:image:height\" content=\"2560\" \/>\n\t<meta property=\"og:image:type\" content=\"image\/jpeg\" \/>\n<meta name=\"twitter:card\" content=\"summary_large_image\" \/>\n<script type=\"application\/ld+json\" class=\"yoast-schema-graph\">{\"@context\":\"https:\\\/\\\/schema.org\",\"@graph\":[{\"@type\":\"WebPage\",\"@id\":\"https:\\\/\\\/camping-latama.com\\\/en\\\/unusual-accommodations\\\/masai-premium-tent-5-persons\\\/\",\"url\":\"https:\\\/\\\/camping-latama.com\\\/en\\\/unusual-accommodations\\\/masai-premium-tent-5-persons\\\/\",\"name\":\"Tentes Masai Premium - Camping La Tamarissi\u00e8re\",\"isPartOf\":{\"@id\":\"https:\\\/\\\/camping-latama.com\\\/en\\\/#website\"},\"primaryImageOfPage\":{\"@id\":\"https:\\\/\\\/camping-latama.com\\\/en\\\/unusual-accommodations\\\/masai-premium-tent-5-persons\\\/#primaryimage\"},\"image\":{\"@id\":\"https:\\\/\\\/camping-latama.com\\\/en\\\/unusual-accommodations\\\/masai-premium-tent-5-persons\\\/#primaryimage\"},\"thumbnailUrl\":\"https:\\\/\\\/camping-latama.com\\\/wp-content\\\/uploads\\\/2026\\\/03\\\/tente-masai-premium-01-scaled.jpg\",\"datePublished\":\"2026-02-12T12:38:16+00:00\",\"description\":\"Escape to the heart of the Tamarissi\u00e8re pine forest, in a comfortable tent, the Tente Masa\u00ef Premium. Spacious and warm, it's the perfect place for families and friends to relax and unwind...\",\"breadcrumb\":{\"@id\":\"https:\\\/\\\/camping-latama.com\\\/en\\\/unusual-accommodations\\\/masai-premium-tent-5-persons\\\/#breadcrumb\"},\"inLanguage\":\"en-US\",\"potentialAction\":[{\"@type\":\"ReadAction\",\"target\":[\"https:\\\/\\\/camping-latama.com\\\/en\\\/unusual-accommodations\\\/masai-premium-tent-5-persons\\\/\"]}]},{\"@type\":\"ImageObject\",\"inLanguage\":\"en-US\",\"@id\":\"https:\\\/\\\/camping-latama.com\\\/en\\\/unusual-accommodations\\\/masai-premium-tent-5-persons\\\/#primaryimage\",\"url\":\"https:\\\/\\\/camping-latama.com\\\/wp-content\\\/uploads\\\/2026\\\/03\\\/tente-masai-premium-01-scaled.jpg\",\"contentUrl\":\"https:\\\/\\\/camping-latama.com\\\/wp-content\\\/uploads\\\/2026\\\/03\\\/tente-masai-premium-01-scaled.jpg\",\"width\":1920,\"height\":2560,\"caption\":\"Masa\u00ef Premium Tent 5 persons\"},{\"@type\":\"BreadcrumbList\",\"@id\":\"https:\\\/\\\/camping-latama.com\\\/en\\\/unusual-accommodations\\\/masai-premium-tent-5-persons\\\/#breadcrumb\",\"itemListElement\":[{\"@type\":\"ListItem\",\"position\":1,\"name\":\"Camping Cap d'Agde\",\"item\":\"https:\\\/\\\/camping-latama.com\\\/en\\\/home\\\/\"},{\"@type\":\"ListItem\",\"position\":2,\"name\":\"Unusual accommodation Agde\",\"item\":\"https:\\\/\\\/camping-latama.com\\\/en\\\/unusual-accommodations\\\/\"},{\"@type\":\"ListItem\",\"position\":3,\"name\":\"Masa\u00ef Premium Tent 5 persons\"}]},{\"@type\":\"WebSite\",\"@id\":\"https:\\\/\\\/camping-latama.com\\\/en\\\/#website\",\"url\":\"https:\\\/\\\/camping-latama.com\\\/en\\\/\",\"name\":\"Camping La Tamarissi\u00e8re\",\"description\":\"\",\"potentialAction\":[{\"@type\":\"SearchAction\",\"target\":{\"@type\":\"EntryPoint\",\"urlTemplate\":\"https:\\\/\\\/camping-latama.com\\\/en\\\/?s={search_term_string}\"},\"query-input\":{\"@type\":\"PropertyValueSpecification\",\"valueRequired\":true,\"valueName\":\"search_term_string\"}}],\"inLanguage\":\"en-US\"}]}<\/script>\n<!-- \/ Yoast SEO plugin. -->","yoast_head_json":{"title":"Tentes Masai Premium - Camping La Tamarissi\u00e8re","description":"Escape to the heart of the Tamarissi\u00e8re pine forest, in a comfortable tent, the Tente Masa\u00ef Premium. Spacious and warm, it's the perfect place for families and friends to relax and unwind...","robots":{"index":"index","follow":"follow","max-snippet":"max-snippet:-1","max-image-preview":"max-image-preview:large","max-video-preview":"max-video-preview:-1"},"canonical":"https:\/\/camping-latama.com\/en\/unusual-accommodations\/masai-premium-tent-5-persons\/","og_locale":"en_US","og_type":"article","og_title":"Tentes Masai Premium - Camping La Tamarissi\u00e8re","og_description":"Escape to the heart of the Tamarissi\u00e8re pine forest, in a comfortable tent, the Tente Masa\u00ef Premium. Spacious and warm, it's the perfect place for families and friends to relax and unwind...","og_url":"https:\/\/camping-latama.com\/en\/unusual-accommodations\/masai-premium-tent-5-persons\/","og_site_name":"Camping La Tama","og_image":[{"width":1920,"height":2560,"url":"https:\/\/camping-latama.com\/wp-content\/uploads\/2026\/03\/tente-masai-premium-01-scaled.jpg","type":"image\/jpeg"}],"twitter_card":"summary_large_image","schema":{"@context":"https:\/\/schema.org","@graph":[{"@type":"WebPage","@id":"https:\/\/camping-latama.com\/en\/unusual-accommodations\/masai-premium-tent-5-persons\/","url":"https:\/\/camping-latama.com\/en\/unusual-accommodations\/masai-premium-tent-5-persons\/","name":"Tentes Masai Premium - Camping La Tamarissi\u00e8re","isPartOf":{"@id":"https:\/\/camping-latama.com\/en\/#website"},"primaryImageOfPage":{"@id":"https:\/\/camping-latama.com\/en\/unusual-accommodations\/masai-premium-tent-5-persons\/#primaryimage"},"image":{"@id":"https:\/\/camping-latama.com\/en\/unusual-accommodations\/masai-premium-tent-5-persons\/#primaryimage"},"thumbnailUrl":"https:\/\/camping-latama.com\/wp-content\/uploads\/2026\/03\/tente-masai-premium-01-scaled.jpg","datePublished":"2026-02-12T12:38:16+00:00","description":"Escape to the heart of the Tamarissi\u00e8re pine forest, in a comfortable tent, the Tente Masa\u00ef Premium. Spacious and warm, it's the perfect place for families and friends to relax and unwind...","breadcrumb":{"@id":"https:\/\/camping-latama.com\/en\/unusual-accommodations\/masai-premium-tent-5-persons\/#breadcrumb"},"inLanguage":"en-US","potentialAction":[{"@type":"ReadAction","target":["https:\/\/camping-latama.com\/en\/unusual-accommodations\/masai-premium-tent-5-persons\/"]}]},{"@type":"ImageObject","inLanguage":"en-US","@id":"https:\/\/camping-latama.com\/en\/unusual-accommodations\/masai-premium-tent-5-persons\/#primaryimage","url":"https:\/\/camping-latama.com\/wp-content\/uploads\/2026\/03\/tente-masai-premium-01-scaled.jpg","contentUrl":"https:\/\/camping-latama.com\/wp-content\/uploads\/2026\/03\/tente-masai-premium-01-scaled.jpg","width":1920,"height":2560,"caption":"Masa\u00ef Premium Tent 5 persons"},{"@type":"BreadcrumbList","@id":"https:\/\/camping-latama.com\/en\/unusual-accommodations\/masai-premium-tent-5-persons\/#breadcrumb","itemListElement":[{"@type":"ListItem","position":1,"name":"Camping Cap d'Agde","item":"https:\/\/camping-latama.com\/en\/home\/"},{"@type":"ListItem","position":2,"name":"Unusual accommodation Agde","item":"https:\/\/camping-latama.com\/en\/unusual-accommodations\/"},{"@type":"ListItem","position":3,"name":"Masa\u00ef Premium Tent 5 persons"}]},{"@type":"WebSite","@id":"https:\/\/camping-latama.com\/en\/#website","url":"https:\/\/camping-latama.com\/en\/","name":"Camping La Tamarissi\u00e8re","description":"","potentialAction":[{"@type":"SearchAction","target":{"@type":"EntryPoint","urlTemplate":"https:\/\/camping-latama.com\/en\/?s={search_term_string}"},"query-input":{"@type":"PropertyValueSpecification","valueRequired":true,"valueName":"search_term_string"}}],"inLanguage":"en-US"}]}},"_links":{"self":[{"href":"https:\/\/camping-latama.com\/en\/wp-json\/wp\/v2\/pages\/77393","targetHints":{"allow":["GET"]}}],"collection":[{"href":"https:\/\/camping-latama.com\/en\/wp-json\/wp\/v2\/pages"}],"about":[{"href":"https:\/\/camping-latama.com\/en\/wp-json\/wp\/v2\/types\/page"}],"author":[{"embeddable":true,"href":"https:\/\/camping-latama.com\/en\/wp-json\/wp\/v2\/users\/4"}],"replies":[{"embeddable":true,"href":"https:\/\/camping-latama.com\/en\/wp-json\/wp\/v2\/comments?post=77393"}],"version-history":[{"count":0,"href":"https:\/\/camping-latama.com\/en\/wp-json\/wp\/v2\/pages\/77393\/revisions"}],"up":[{"embeddable":true,"href":"https:\/\/camping-latama.com\/en\/wp-json\/wp\/v2\/pages\/77066"}],"wp:featuredmedia":[{"embeddable":true,"href":"https:\/\/camping-latama.com\/en\/wp-json\/wp\/v2\/media\/77394"}],"wp:attachment":[{"href":"https:\/\/camping-latama.com\/en\/wp-json\/wp\/v2\/media?parent=77393"}],"wp:term":[{"taxonomy":"avantage","embeddable":true,"href":"https:\/\/camping-latama.com\/en\/wp-json\/wp\/v2\/avantage?post=77393"}],"curies":[{"name":"wp","href":"https:\/\/api.w.org\/{rel}","templated":true}]}}