{"id":76573,"date":"2026-03-03T09:37:49","date_gmt":"2026-03-03T09:37:49","guid":{"rendered":"https:\/\/camping-latama.com\/cottage-privilege-2ch\/"},"modified":"2026-03-24T13:51:48","modified_gmt":"2026-03-24T13:51:48","slug":"cottage-privilege-2ch","status":"publish","type":"page","link":"https:\/\/camping-latama.com\/en\/top-of-the-range-accommodation\/cottage-privilege-2ch\/","title":{"rendered":"Cottage Privil\u00e8ge 2ch"},"content":{"rendered":"","protected":false},"excerpt":{"rendered":"","protected":false},"author":4,"featured_media":76575,"parent":76706,"menu_order":0,"comment_status":"closed","ping_status":"closed","template":"templates\/tpl-hebergement.php","meta":{"_acf_changed":false,"inline_featured_image":false,"footnotes":""},"avantage":[],"class_list":["post-76573","page","type-page","status-publish","has-post-thumbnail","hentry"],"acf":[],"yoast_head":"<!-- This site is optimized with the Yoast SEO plugin v27.5 - https:\/\/yoast.com\/product\/yoast-seo-wordpress\/ -->\n<title>Cottage Privil\u00e8ge at Camping la Tamarissi\u00e8re in Agde, top-of-the-range mobile home<\/title>\n<meta name=\"description\" content=\"Vacation rentals in the heart of La Tamarissi\u00e8re campsite in Agde. Discover our Privilege Cottages in the middle of our pine forest.\" \/>\n<meta name=\"robots\" content=\"index, follow, max-snippet:-1, max-image-preview:large, max-video-preview:-1\" \/>\n<link rel=\"canonical\" href=\"https:\/\/camping-latama.com\/en\/top-of-the-range-accommodation\/cottage-privilege-2ch\/\" \/>\n<meta property=\"og:locale\" content=\"en_US\" \/>\n<meta property=\"og:type\" content=\"article\" \/>\n<meta property=\"og:title\" content=\"Cottage Privil\u00e8ge at Camping la Tamarissi\u00e8re in Agde, top-of-the-range mobile home\" \/>\n<meta property=\"og:description\" content=\"Vacation rentals in the heart of La Tamarissi\u00e8re campsite in Agde. Discover our Privilege Cottages in the middle of our pine forest.\" \/>\n<meta property=\"og:url\" content=\"https:\/\/camping-latama.com\/en\/top-of-the-range-accommodation\/cottage-privilege-2ch\/\" \/>\n<meta property=\"og:site_name\" content=\"Camping La Tama\" \/>\n<meta property=\"article:modified_time\" content=\"2026-03-24T13:51:48+00:00\" \/>\n<meta property=\"og:image\" content=\"https:\/\/camping-latama.com\/wp-content\/uploads\/2026\/03\/cottage-privilege-2ch-01-scaled.jpg\" \/>\n\t<meta property=\"og:image:width\" content=\"2560\" \/>\n\t<meta property=\"og:image:height\" content=\"1707\" \/>\n\t<meta property=\"og:image:type\" content=\"image\/jpeg\" \/>\n<meta name=\"twitter:card\" content=\"summary_large_image\" \/>\n<script type=\"application\/ld+json\" class=\"yoast-schema-graph\">{\"@context\":\"https:\\\/\\\/schema.org\",\"@graph\":[{\"@type\":\"WebPage\",\"@id\":\"https:\\\/\\\/camping-latama.com\\\/en\\\/top-of-the-range-accommodation\\\/cottage-privilege-2ch\\\/\",\"url\":\"https:\\\/\\\/camping-latama.com\\\/en\\\/top-of-the-range-accommodation\\\/cottage-privilege-2ch\\\/\",\"name\":\"Cottage Privil\u00e8ge at Camping la Tamarissi\u00e8re in Agde, top-of-the-range mobile home\",\"isPartOf\":{\"@id\":\"https:\\\/\\\/camping-latama.com\\\/en\\\/#website\"},\"primaryImageOfPage\":{\"@id\":\"https:\\\/\\\/camping-latama.com\\\/en\\\/top-of-the-range-accommodation\\\/cottage-privilege-2ch\\\/#primaryimage\"},\"image\":{\"@id\":\"https:\\\/\\\/camping-latama.com\\\/en\\\/top-of-the-range-accommodation\\\/cottage-privilege-2ch\\\/#primaryimage\"},\"thumbnailUrl\":\"https:\\\/\\\/camping-latama.com\\\/wp-content\\\/uploads\\\/2026\\\/03\\\/cottage-privilege-2ch-01-scaled.jpg\",\"datePublished\":\"2026-03-03T09:37:49+00:00\",\"dateModified\":\"2026-03-24T13:51:48+00:00\",\"description\":\"Vacation rentals in the heart of La Tamarissi\u00e8re campsite in Agde. Discover our Privilege Cottages in the middle of our pine forest.\",\"breadcrumb\":{\"@id\":\"https:\\\/\\\/camping-latama.com\\\/en\\\/top-of-the-range-accommodation\\\/cottage-privilege-2ch\\\/#breadcrumb\"},\"inLanguage\":\"en-US\",\"potentialAction\":[{\"@type\":\"ReadAction\",\"target\":[\"https:\\\/\\\/camping-latama.com\\\/en\\\/top-of-the-range-accommodation\\\/cottage-privilege-2ch\\\/\"]}]},{\"@type\":\"ImageObject\",\"inLanguage\":\"en-US\",\"@id\":\"https:\\\/\\\/camping-latama.com\\\/en\\\/top-of-the-range-accommodation\\\/cottage-privilege-2ch\\\/#primaryimage\",\"url\":\"https:\\\/\\\/camping-latama.com\\\/wp-content\\\/uploads\\\/2026\\\/03\\\/cottage-privilege-2ch-01-scaled.jpg\",\"contentUrl\":\"https:\\\/\\\/camping-latama.com\\\/wp-content\\\/uploads\\\/2026\\\/03\\\/cottage-privilege-2ch-01-scaled.jpg\",\"width\":2560,\"height\":1707,\"caption\":\"Cottage Privil\u00e8ge 4 persons\"},{\"@type\":\"BreadcrumbList\",\"@id\":\"https:\\\/\\\/camping-latama.com\\\/en\\\/top-of-the-range-accommodation\\\/cottage-privilege-2ch\\\/#breadcrumb\",\"itemListElement\":[{\"@type\":\"ListItem\",\"position\":1,\"name\":\"Camping Cap d'Agde\",\"item\":\"https:\\\/\\\/camping-latama.com\\\/en\\\/home\\\/\"},{\"@type\":\"ListItem\",\"position\":2,\"name\":\"Luxury mobile home rental by the sea\",\"item\":\"https:\\\/\\\/camping-latama.com\\\/en\\\/top-of-the-range-accommodation\\\/\"},{\"@type\":\"ListItem\",\"position\":3,\"name\":\"Cottage Privil\u00e8ge 4 persons\"}]},{\"@type\":\"WebSite\",\"@id\":\"https:\\\/\\\/camping-latama.com\\\/en\\\/#website\",\"url\":\"https:\\\/\\\/camping-latama.com\\\/en\\\/\",\"name\":\"Camping La Tamarissi\u00e8re\",\"description\":\"\",\"potentialAction\":[{\"@type\":\"SearchAction\",\"target\":{\"@type\":\"EntryPoint\",\"urlTemplate\":\"https:\\\/\\\/camping-latama.com\\\/en\\\/?s={search_term_string}\"},\"query-input\":{\"@type\":\"PropertyValueSpecification\",\"valueRequired\":true,\"valueName\":\"search_term_string\"}}],\"inLanguage\":\"en-US\"}]}<\/script>\n<!-- \/ Yoast SEO plugin. -->","yoast_head_json":{"title":"Cottage Privil\u00e8ge at Camping la Tamarissi\u00e8re in Agde, top-of-the-range mobile home","description":"Vacation rentals in the heart of La Tamarissi\u00e8re campsite in Agde. Discover our Privilege Cottages in the middle of our pine forest.","robots":{"index":"index","follow":"follow","max-snippet":"max-snippet:-1","max-image-preview":"max-image-preview:large","max-video-preview":"max-video-preview:-1"},"canonical":"https:\/\/camping-latama.com\/en\/top-of-the-range-accommodation\/cottage-privilege-2ch\/","og_locale":"en_US","og_type":"article","og_title":"Cottage Privil\u00e8ge at Camping la Tamarissi\u00e8re in Agde, top-of-the-range mobile home","og_description":"Vacation rentals in the heart of La Tamarissi\u00e8re campsite in Agde. Discover our Privilege Cottages in the middle of our pine forest.","og_url":"https:\/\/camping-latama.com\/en\/top-of-the-range-accommodation\/cottage-privilege-2ch\/","og_site_name":"Camping La Tama","article_modified_time":"2026-03-24T13:51:48+00:00","og_image":[{"width":2560,"height":1707,"url":"https:\/\/camping-latama.com\/wp-content\/uploads\/2026\/03\/cottage-privilege-2ch-01-scaled.jpg","type":"image\/jpeg"}],"twitter_card":"summary_large_image","schema":{"@context":"https:\/\/schema.org","@graph":[{"@type":"WebPage","@id":"https:\/\/camping-latama.com\/en\/top-of-the-range-accommodation\/cottage-privilege-2ch\/","url":"https:\/\/camping-latama.com\/en\/top-of-the-range-accommodation\/cottage-privilege-2ch\/","name":"Cottage Privil\u00e8ge at Camping la Tamarissi\u00e8re in Agde, top-of-the-range mobile home","isPartOf":{"@id":"https:\/\/camping-latama.com\/en\/#website"},"primaryImageOfPage":{"@id":"https:\/\/camping-latama.com\/en\/top-of-the-range-accommodation\/cottage-privilege-2ch\/#primaryimage"},"image":{"@id":"https:\/\/camping-latama.com\/en\/top-of-the-range-accommodation\/cottage-privilege-2ch\/#primaryimage"},"thumbnailUrl":"https:\/\/camping-latama.com\/wp-content\/uploads\/2026\/03\/cottage-privilege-2ch-01-scaled.jpg","datePublished":"2026-03-03T09:37:49+00:00","dateModified":"2026-03-24T13:51:48+00:00","description":"Vacation rentals in the heart of La Tamarissi\u00e8re campsite in Agde. Discover our Privilege Cottages in the middle of our pine forest.","breadcrumb":{"@id":"https:\/\/camping-latama.com\/en\/top-of-the-range-accommodation\/cottage-privilege-2ch\/#breadcrumb"},"inLanguage":"en-US","potentialAction":[{"@type":"ReadAction","target":["https:\/\/camping-latama.com\/en\/top-of-the-range-accommodation\/cottage-privilege-2ch\/"]}]},{"@type":"ImageObject","inLanguage":"en-US","@id":"https:\/\/camping-latama.com\/en\/top-of-the-range-accommodation\/cottage-privilege-2ch\/#primaryimage","url":"https:\/\/camping-latama.com\/wp-content\/uploads\/2026\/03\/cottage-privilege-2ch-01-scaled.jpg","contentUrl":"https:\/\/camping-latama.com\/wp-content\/uploads\/2026\/03\/cottage-privilege-2ch-01-scaled.jpg","width":2560,"height":1707,"caption":"Cottage Privil\u00e8ge 4 persons"},{"@type":"BreadcrumbList","@id":"https:\/\/camping-latama.com\/en\/top-of-the-range-accommodation\/cottage-privilege-2ch\/#breadcrumb","itemListElement":[{"@type":"ListItem","position":1,"name":"Camping Cap d'Agde","item":"https:\/\/camping-latama.com\/en\/home\/"},{"@type":"ListItem","position":2,"name":"Luxury mobile home rental by the sea","item":"https:\/\/camping-latama.com\/en\/top-of-the-range-accommodation\/"},{"@type":"ListItem","position":3,"name":"Cottage Privil\u00e8ge 4 persons"}]},{"@type":"WebSite","@id":"https:\/\/camping-latama.com\/en\/#website","url":"https:\/\/camping-latama.com\/en\/","name":"Camping La Tamarissi\u00e8re","description":"","potentialAction":[{"@type":"SearchAction","target":{"@type":"EntryPoint","urlTemplate":"https:\/\/camping-latama.com\/en\/?s={search_term_string}"},"query-input":{"@type":"PropertyValueSpecification","valueRequired":true,"valueName":"search_term_string"}}],"inLanguage":"en-US"}]}},"_links":{"self":[{"href":"https:\/\/camping-latama.com\/en\/wp-json\/wp\/v2\/pages\/76573","targetHints":{"allow":["GET"]}}],"collection":[{"href":"https:\/\/camping-latama.com\/en\/wp-json\/wp\/v2\/pages"}],"about":[{"href":"https:\/\/camping-latama.com\/en\/wp-json\/wp\/v2\/types\/page"}],"author":[{"embeddable":true,"href":"https:\/\/camping-latama.com\/en\/wp-json\/wp\/v2\/users\/4"}],"replies":[{"embeddable":true,"href":"https:\/\/camping-latama.com\/en\/wp-json\/wp\/v2\/comments?post=76573"}],"version-history":[{"count":1,"href":"https:\/\/camping-latama.com\/en\/wp-json\/wp\/v2\/pages\/76573\/revisions"}],"predecessor-version":[{"id":76714,"href":"https:\/\/camping-latama.com\/en\/wp-json\/wp\/v2\/pages\/76573\/revisions\/76714"}],"up":[{"embeddable":true,"href":"https:\/\/camping-latama.com\/en\/wp-json\/wp\/v2\/pages\/76706"}],"wp:featuredmedia":[{"embeddable":true,"href":"https:\/\/camping-latama.com\/en\/wp-json\/wp\/v2\/media\/76575"}],"wp:attachment":[{"href":"https:\/\/camping-latama.com\/en\/wp-json\/wp\/v2\/media?parent=76573"}],"wp:term":[{"taxonomy":"avantage","embeddable":true,"href":"https:\/\/camping-latama.com\/en\/wp-json\/wp\/v2\/avantage?post=76573"}],"curies":[{"name":"wp","href":"https:\/\/api.w.org\/{rel}","templated":true}]}}