{"id":77615,"date":"2026-02-12T12:38:16","date_gmt":"2026-02-12T12:38:16","guid":{"rendered":"https:\/\/camping-latama.com\/plaetze\/stellplatz-wohnwagen-6-personen\/"},"modified":"2026-02-12T12:38:16","modified_gmt":"2026-02-12T12:38:16","slug":"stellplatz-wohnwagen-6-personen","status":"publish","type":"page","link":"https:\/\/camping-latama.com\/de\/plaetze\/stellplatz-wohnwagen-6-personen\/","title":{"rendered":"Stellplatz Wohnwagen 6 Personen"},"content":{"rendered":"","protected":false},"excerpt":{"rendered":"","protected":false},"author":4,"featured_media":77617,"parent":76196,"menu_order":0,"comment_status":"closed","ping_status":"closed","template":"templates\/tpl-hebergement.php","meta":{"_acf_changed":false,"inline_featured_image":false,"footnotes":""},"avantage":[],"class_list":["post-77615","page","type-page","status-publish","has-post-thumbnail","hentry"],"acf":[],"yoast_head":"<!-- This site is optimized with the Yoast SEO plugin v27.4 - https:\/\/yoast.com\/product\/yoast-seo-wordpress\/ -->\n<title>Camping Agde La Tamarissi\u00e8re - Alle unsere Stellpl\u00e4tze<\/title>\n<meta name=\"description\" content=\"Entdecken Sie alle unsere Stellpl\u00e4tze f\u00fcr einen Campingurlaub mit Ihrem Zelt, Wohnmobil oder Wohnwagen. Nackte oder eingerichtete Stellpl\u00e4tze mit eigener Sanit\u00e4ranlage auf dem Campingplatz in Agde.\" \/>\n<meta name=\"robots\" content=\"index, follow, max-snippet:-1, max-image-preview:large, max-video-preview:-1\" \/>\n<link rel=\"canonical\" href=\"https:\/\/camping-latama.com\/de\/plaetze\/stellplatz-wohnwagen-6-personen\/\" \/>\n<meta property=\"og:locale\" content=\"de_DE\" \/>\n<meta property=\"og:type\" content=\"article\" \/>\n<meta property=\"og:title\" content=\"Camping Agde La Tamarissi\u00e8re - Alle unsere Stellpl\u00e4tze\" \/>\n<meta property=\"og:description\" content=\"Entdecken Sie alle unsere Stellpl\u00e4tze f\u00fcr einen Campingurlaub mit Ihrem Zelt, Wohnmobil oder Wohnwagen. Nackte oder eingerichtete Stellpl\u00e4tze mit eigener Sanit\u00e4ranlage auf dem Campingplatz in Agde.\" \/>\n<meta property=\"og:url\" content=\"https:\/\/camping-latama.com\/de\/plaetze\/stellplatz-wohnwagen-6-personen\/\" \/>\n<meta property=\"og:site_name\" content=\"Camping La Tama\" \/>\n<meta property=\"og:image\" content=\"https:\/\/camping-latama.com\/wp-content\/uploads\/2026\/03\/emplacement-caravane-01.jpg\" \/>\n\t<meta property=\"og:image:width\" content=\"800\" \/>\n\t<meta property=\"og:image:height\" content=\"535\" \/>\n\t<meta property=\"og:image:type\" content=\"image\/jpeg\" \/>\n<meta name=\"twitter:card\" content=\"summary_large_image\" \/>\n<script type=\"application\/ld+json\" class=\"yoast-schema-graph\">{\"@context\":\"https:\\\/\\\/schema.org\",\"@graph\":[{\"@type\":\"WebPage\",\"@id\":\"https:\\\/\\\/camping-latama.com\\\/de\\\/plaetze\\\/stellplatz-wohnwagen-6-personen\\\/\",\"url\":\"https:\\\/\\\/camping-latama.com\\\/de\\\/plaetze\\\/stellplatz-wohnwagen-6-personen\\\/\",\"name\":\"Camping Agde La Tamarissi\u00e8re - Alle unsere Stellpl\u00e4tze\",\"isPartOf\":{\"@id\":\"https:\\\/\\\/camping-latama.com\\\/de\\\/#website\"},\"primaryImageOfPage\":{\"@id\":\"https:\\\/\\\/camping-latama.com\\\/de\\\/plaetze\\\/stellplatz-wohnwagen-6-personen\\\/#primaryimage\"},\"image\":{\"@id\":\"https:\\\/\\\/camping-latama.com\\\/de\\\/plaetze\\\/stellplatz-wohnwagen-6-personen\\\/#primaryimage\"},\"thumbnailUrl\":\"https:\\\/\\\/camping-latama.com\\\/wp-content\\\/uploads\\\/2026\\\/03\\\/emplacement-caravane-01.jpg\",\"datePublished\":\"2026-02-12T12:38:16+00:00\",\"description\":\"Entdecken Sie alle unsere Stellpl\u00e4tze f\u00fcr einen Campingurlaub mit Ihrem Zelt, Wohnmobil oder Wohnwagen. Nackte oder eingerichtete Stellpl\u00e4tze mit eigener Sanit\u00e4ranlage auf dem Campingplatz in Agde.\",\"breadcrumb\":{\"@id\":\"https:\\\/\\\/camping-latama.com\\\/de\\\/plaetze\\\/stellplatz-wohnwagen-6-personen\\\/#breadcrumb\"},\"inLanguage\":\"de\",\"potentialAction\":[{\"@type\":\"ReadAction\",\"target\":[\"https:\\\/\\\/camping-latama.com\\\/de\\\/plaetze\\\/stellplatz-wohnwagen-6-personen\\\/\"]}]},{\"@type\":\"ImageObject\",\"inLanguage\":\"de\",\"@id\":\"https:\\\/\\\/camping-latama.com\\\/de\\\/plaetze\\\/stellplatz-wohnwagen-6-personen\\\/#primaryimage\",\"url\":\"https:\\\/\\\/camping-latama.com\\\/wp-content\\\/uploads\\\/2026\\\/03\\\/emplacement-caravane-01.jpg\",\"contentUrl\":\"https:\\\/\\\/camping-latama.com\\\/wp-content\\\/uploads\\\/2026\\\/03\\\/emplacement-caravane-01.jpg\",\"width\":800,\"height\":535,\"caption\":\"Stellplatz Wohnwagen 6 Personen\"},{\"@type\":\"BreadcrumbList\",\"@id\":\"https:\\\/\\\/camping-latama.com\\\/de\\\/plaetze\\\/stellplatz-wohnwagen-6-personen\\\/#breadcrumb\",\"itemListElement\":[{\"@type\":\"ListItem\",\"position\":1,\"name\":\"Camping Cap d'Agde\",\"item\":\"https:\\\/\\\/camping-latama.com\\\/de\\\/startseite\\\/\"},{\"@type\":\"ListItem\",\"position\":2,\"name\":\"Nackter Stellplatz Agde\",\"item\":\"https:\\\/\\\/camping-latama.com\\\/de\\\/plaetze\\\/\"},{\"@type\":\"ListItem\",\"position\":3,\"name\":\"Stellplatz Wohnwagen 6 Personen\"}]},{\"@type\":\"WebSite\",\"@id\":\"https:\\\/\\\/camping-latama.com\\\/de\\\/#website\",\"url\":\"https:\\\/\\\/camping-latama.com\\\/de\\\/\",\"name\":\"Camping La Tamarissi\u00e8re\",\"description\":\"\",\"potentialAction\":[{\"@type\":\"SearchAction\",\"target\":{\"@type\":\"EntryPoint\",\"urlTemplate\":\"https:\\\/\\\/camping-latama.com\\\/de\\\/?s={search_term_string}\"},\"query-input\":{\"@type\":\"PropertyValueSpecification\",\"valueRequired\":true,\"valueName\":\"search_term_string\"}}],\"inLanguage\":\"de\"}]}<\/script>\n<!-- \/ Yoast SEO plugin. -->","yoast_head_json":{"title":"Camping Agde La Tamarissi\u00e8re - Alle unsere Stellpl\u00e4tze","description":"Entdecken Sie alle unsere Stellpl\u00e4tze f\u00fcr einen Campingurlaub mit Ihrem Zelt, Wohnmobil oder Wohnwagen. Nackte oder eingerichtete Stellpl\u00e4tze mit eigener Sanit\u00e4ranlage auf dem Campingplatz in Agde.","robots":{"index":"index","follow":"follow","max-snippet":"max-snippet:-1","max-image-preview":"max-image-preview:large","max-video-preview":"max-video-preview:-1"},"canonical":"https:\/\/camping-latama.com\/de\/plaetze\/stellplatz-wohnwagen-6-personen\/","og_locale":"de_DE","og_type":"article","og_title":"Camping Agde La Tamarissi\u00e8re - Alle unsere Stellpl\u00e4tze","og_description":"Entdecken Sie alle unsere Stellpl\u00e4tze f\u00fcr einen Campingurlaub mit Ihrem Zelt, Wohnmobil oder Wohnwagen. Nackte oder eingerichtete Stellpl\u00e4tze mit eigener Sanit\u00e4ranlage auf dem Campingplatz in Agde.","og_url":"https:\/\/camping-latama.com\/de\/plaetze\/stellplatz-wohnwagen-6-personen\/","og_site_name":"Camping La Tama","og_image":[{"width":800,"height":535,"url":"https:\/\/camping-latama.com\/wp-content\/uploads\/2026\/03\/emplacement-caravane-01.jpg","type":"image\/jpeg"}],"twitter_card":"summary_large_image","schema":{"@context":"https:\/\/schema.org","@graph":[{"@type":"WebPage","@id":"https:\/\/camping-latama.com\/de\/plaetze\/stellplatz-wohnwagen-6-personen\/","url":"https:\/\/camping-latama.com\/de\/plaetze\/stellplatz-wohnwagen-6-personen\/","name":"Camping Agde La Tamarissi\u00e8re - Alle unsere Stellpl\u00e4tze","isPartOf":{"@id":"https:\/\/camping-latama.com\/de\/#website"},"primaryImageOfPage":{"@id":"https:\/\/camping-latama.com\/de\/plaetze\/stellplatz-wohnwagen-6-personen\/#primaryimage"},"image":{"@id":"https:\/\/camping-latama.com\/de\/plaetze\/stellplatz-wohnwagen-6-personen\/#primaryimage"},"thumbnailUrl":"https:\/\/camping-latama.com\/wp-content\/uploads\/2026\/03\/emplacement-caravane-01.jpg","datePublished":"2026-02-12T12:38:16+00:00","description":"Entdecken Sie alle unsere Stellpl\u00e4tze f\u00fcr einen Campingurlaub mit Ihrem Zelt, Wohnmobil oder Wohnwagen. Nackte oder eingerichtete Stellpl\u00e4tze mit eigener Sanit\u00e4ranlage auf dem Campingplatz in Agde.","breadcrumb":{"@id":"https:\/\/camping-latama.com\/de\/plaetze\/stellplatz-wohnwagen-6-personen\/#breadcrumb"},"inLanguage":"de","potentialAction":[{"@type":"ReadAction","target":["https:\/\/camping-latama.com\/de\/plaetze\/stellplatz-wohnwagen-6-personen\/"]}]},{"@type":"ImageObject","inLanguage":"de","@id":"https:\/\/camping-latama.com\/de\/plaetze\/stellplatz-wohnwagen-6-personen\/#primaryimage","url":"https:\/\/camping-latama.com\/wp-content\/uploads\/2026\/03\/emplacement-caravane-01.jpg","contentUrl":"https:\/\/camping-latama.com\/wp-content\/uploads\/2026\/03\/emplacement-caravane-01.jpg","width":800,"height":535,"caption":"Stellplatz Wohnwagen 6 Personen"},{"@type":"BreadcrumbList","@id":"https:\/\/camping-latama.com\/de\/plaetze\/stellplatz-wohnwagen-6-personen\/#breadcrumb","itemListElement":[{"@type":"ListItem","position":1,"name":"Camping Cap d'Agde","item":"https:\/\/camping-latama.com\/de\/startseite\/"},{"@type":"ListItem","position":2,"name":"Nackter Stellplatz Agde","item":"https:\/\/camping-latama.com\/de\/plaetze\/"},{"@type":"ListItem","position":3,"name":"Stellplatz Wohnwagen 6 Personen"}]},{"@type":"WebSite","@id":"https:\/\/camping-latama.com\/de\/#website","url":"https:\/\/camping-latama.com\/de\/","name":"Camping La Tamarissi\u00e8re","description":"","potentialAction":[{"@type":"SearchAction","target":{"@type":"EntryPoint","urlTemplate":"https:\/\/camping-latama.com\/de\/?s={search_term_string}"},"query-input":{"@type":"PropertyValueSpecification","valueRequired":true,"valueName":"search_term_string"}}],"inLanguage":"de"}]}},"_links":{"self":[{"href":"https:\/\/camping-latama.com\/de\/wp-json\/wp\/v2\/pages\/77615","targetHints":{"allow":["GET"]}}],"collection":[{"href":"https:\/\/camping-latama.com\/de\/wp-json\/wp\/v2\/pages"}],"about":[{"href":"https:\/\/camping-latama.com\/de\/wp-json\/wp\/v2\/types\/page"}],"author":[{"embeddable":true,"href":"https:\/\/camping-latama.com\/de\/wp-json\/wp\/v2\/users\/4"}],"replies":[{"embeddable":true,"href":"https:\/\/camping-latama.com\/de\/wp-json\/wp\/v2\/comments?post=77615"}],"version-history":[{"count":0,"href":"https:\/\/camping-latama.com\/de\/wp-json\/wp\/v2\/pages\/77615\/revisions"}],"up":[{"embeddable":true,"href":"https:\/\/camping-latama.com\/de\/wp-json\/wp\/v2\/pages\/76196"}],"wp:featuredmedia":[{"embeddable":true,"href":"https:\/\/camping-latama.com\/de\/wp-json\/wp\/v2\/media\/77617"}],"wp:attachment":[{"href":"https:\/\/camping-latama.com\/de\/wp-json\/wp\/v2\/media?parent=77615"}],"wp:term":[{"taxonomy":"avantage","embeddable":true,"href":"https:\/\/camping-latama.com\/de\/wp-json\/wp\/v2\/avantage?post=77615"}],"curies":[{"name":"wp","href":"https:\/\/api.w.org\/{rel}","templated":true}]}}