{"id":77566,"date":"2026-02-25T13:17:30","date_gmt":"2026-02-25T13:17:30","guid":{"rendered":"https:\/\/camping-latama.com\/camping-animationen\/abendliche-unterhaltung\/"},"modified":"2026-04-03T10:03:57","modified_gmt":"2026-04-03T10:03:57","slug":"abendliche-unterhaltung","status":"publish","type":"page","link":"https:\/\/camping-latama.com\/de\/camping-animationen\/abendliche-unterhaltung\/","title":{"rendered":"Abendliche Unterhaltung"},"content":{"rendered":"","protected":false},"excerpt":{"rendered":"","protected":false},"author":4,"featured_media":77576,"parent":76219,"menu_order":0,"comment_status":"closed","ping_status":"closed","template":"","meta":{"_acf_changed":false,"inline_featured_image":false,"footnotes":""},"avantage":[],"class_list":["post-77566","page","type-page","status-publish","has-post-thumbnail","hentry"],"acf":[],"yoast_head":"<!-- This site is optimized with the Yoast SEO plugin v27.4 - https:\/\/yoast.com\/product\/yoast-seo-wordpress\/ -->\n<title>Camping mit Show: Erleben Sie spektakul\u00e4re Abende in Agde<\/title>\n<meta name=\"description\" content=\"Erleben Sie die Emotionen der Shows auf dem Campingplatz La Tamarissi\u00e8re! Animierte Abende und Arena in Cap d&#039;Agde. Buchen Sie Ihren 4-Sterne-Urlaub im H\u00e9rault!\" \/>\n<meta name=\"robots\" content=\"index, follow, max-snippet:-1, max-image-preview:large, max-video-preview:-1\" \/>\n<link rel=\"canonical\" href=\"https:\/\/camping-latama.com\/de\/camping-animationen\/abendliche-unterhaltung\/\" \/>\n<meta property=\"og:locale\" content=\"de_DE\" \/>\n<meta property=\"og:type\" content=\"article\" \/>\n<meta property=\"og:title\" content=\"Camping mit Show: Erleben Sie spektakul\u00e4re Abende in Agde\" \/>\n<meta property=\"og:description\" content=\"Erleben Sie die Emotionen der Shows auf dem Campingplatz La Tamarissi\u00e8re! Animierte Abende und Arena in Cap d&#039;Agde. Buchen Sie Ihren 4-Sterne-Urlaub im H\u00e9rault!\" \/>\n<meta property=\"og:url\" content=\"https:\/\/camping-latama.com\/de\/camping-animationen\/abendliche-unterhaltung\/\" \/>\n<meta property=\"og:site_name\" content=\"Camping La Tama\" \/>\n<meta property=\"article:modified_time\" content=\"2026-04-03T10:03:57+00:00\" \/>\n<meta property=\"og:image\" content=\"https:\/\/camping-latama.com\/wp-content\/uploads\/2026\/03\/camping-avec-spectacle-03.jpg\" \/>\n\t<meta property=\"og:image:width\" content=\"2048\" \/>\n\t<meta property=\"og:image:height\" content=\"1366\" \/>\n\t<meta property=\"og:image:type\" content=\"image\/jpeg\" \/>\n<meta name=\"twitter:card\" content=\"summary_large_image\" \/>\n<script type=\"application\/ld+json\" class=\"yoast-schema-graph\">{\"@context\":\"https:\\\/\\\/schema.org\",\"@graph\":[{\"@type\":\"WebPage\",\"@id\":\"https:\\\/\\\/camping-latama.com\\\/de\\\/camping-animationen\\\/abendliche-unterhaltung\\\/\",\"url\":\"https:\\\/\\\/camping-latama.com\\\/de\\\/camping-animationen\\\/abendliche-unterhaltung\\\/\",\"name\":\"Camping mit Show: Erleben Sie spektakul\u00e4re Abende in Agde\",\"isPartOf\":{\"@id\":\"https:\\\/\\\/camping-latama.com\\\/de\\\/#website\"},\"primaryImageOfPage\":{\"@id\":\"https:\\\/\\\/camping-latama.com\\\/de\\\/camping-animationen\\\/abendliche-unterhaltung\\\/#primaryimage\"},\"image\":{\"@id\":\"https:\\\/\\\/camping-latama.com\\\/de\\\/camping-animationen\\\/abendliche-unterhaltung\\\/#primaryimage\"},\"thumbnailUrl\":\"https:\\\/\\\/camping-latama.com\\\/wp-content\\\/uploads\\\/2026\\\/03\\\/camping-avec-spectacle-03.jpg\",\"datePublished\":\"2026-02-25T13:17:30+00:00\",\"dateModified\":\"2026-04-03T10:03:57+00:00\",\"description\":\"Erleben Sie die Emotionen der Shows auf dem Campingplatz La Tamarissi\u00e8re! Animierte Abende und Arena in Cap d'Agde. Buchen Sie Ihren 4-Sterne-Urlaub im H\u00e9rault!\",\"breadcrumb\":{\"@id\":\"https:\\\/\\\/camping-latama.com\\\/de\\\/camping-animationen\\\/abendliche-unterhaltung\\\/#breadcrumb\"},\"inLanguage\":\"de\",\"potentialAction\":[{\"@type\":\"ReadAction\",\"target\":[\"https:\\\/\\\/camping-latama.com\\\/de\\\/camping-animationen\\\/abendliche-unterhaltung\\\/\"]}]},{\"@type\":\"ImageObject\",\"inLanguage\":\"de\",\"@id\":\"https:\\\/\\\/camping-latama.com\\\/de\\\/camping-animationen\\\/abendliche-unterhaltung\\\/#primaryimage\",\"url\":\"https:\\\/\\\/camping-latama.com\\\/wp-content\\\/uploads\\\/2026\\\/03\\\/camping-avec-spectacle-03.jpg\",\"contentUrl\":\"https:\\\/\\\/camping-latama.com\\\/wp-content\\\/uploads\\\/2026\\\/03\\\/camping-avec-spectacle-03.jpg\",\"width\":2048,\"height\":1366,\"caption\":\"Campingplatz mit Shows\"},{\"@type\":\"BreadcrumbList\",\"@id\":\"https:\\\/\\\/camping-latama.com\\\/de\\\/camping-animationen\\\/abendliche-unterhaltung\\\/#breadcrumb\",\"itemListElement\":[{\"@type\":\"ListItem\",\"position\":1,\"name\":\"Camping Cap d'Agde\",\"item\":\"https:\\\/\\\/camping-latama.com\\\/de\\\/startseite\\\/\"},{\"@type\":\"ListItem\",\"position\":2,\"name\":\"Animationen auf dem Campingplatz\",\"item\":\"https:\\\/\\\/camping-latama.com\\\/de\\\/camping-animationen\\\/\"},{\"@type\":\"ListItem\",\"position\":3,\"name\":\"Camping Show\"}]},{\"@type\":\"WebSite\",\"@id\":\"https:\\\/\\\/camping-latama.com\\\/de\\\/#website\",\"url\":\"https:\\\/\\\/camping-latama.com\\\/de\\\/\",\"name\":\"Camping La Tamarissi\u00e8re\",\"description\":\"\",\"potentialAction\":[{\"@type\":\"SearchAction\",\"target\":{\"@type\":\"EntryPoint\",\"urlTemplate\":\"https:\\\/\\\/camping-latama.com\\\/de\\\/?s={search_term_string}\"},\"query-input\":{\"@type\":\"PropertyValueSpecification\",\"valueRequired\":true,\"valueName\":\"search_term_string\"}}],\"inLanguage\":\"de\"}]}<\/script>\n<!-- \/ Yoast SEO plugin. -->","yoast_head_json":{"title":"Camping mit Show: Erleben Sie spektakul\u00e4re Abende in Agde","description":"Erleben Sie die Emotionen der Shows auf dem Campingplatz La Tamarissi\u00e8re! Animierte Abende und Arena in Cap d'Agde. Buchen Sie Ihren 4-Sterne-Urlaub im H\u00e9rault!","robots":{"index":"index","follow":"follow","max-snippet":"max-snippet:-1","max-image-preview":"max-image-preview:large","max-video-preview":"max-video-preview:-1"},"canonical":"https:\/\/camping-latama.com\/de\/camping-animationen\/abendliche-unterhaltung\/","og_locale":"de_DE","og_type":"article","og_title":"Camping mit Show: Erleben Sie spektakul\u00e4re Abende in Agde","og_description":"Erleben Sie die Emotionen der Shows auf dem Campingplatz La Tamarissi\u00e8re! Animierte Abende und Arena in Cap d'Agde. Buchen Sie Ihren 4-Sterne-Urlaub im H\u00e9rault!","og_url":"https:\/\/camping-latama.com\/de\/camping-animationen\/abendliche-unterhaltung\/","og_site_name":"Camping La Tama","article_modified_time":"2026-04-03T10:03:57+00:00","og_image":[{"width":2048,"height":1366,"url":"https:\/\/camping-latama.com\/wp-content\/uploads\/2026\/03\/camping-avec-spectacle-03.jpg","type":"image\/jpeg"}],"twitter_card":"summary_large_image","schema":{"@context":"https:\/\/schema.org","@graph":[{"@type":"WebPage","@id":"https:\/\/camping-latama.com\/de\/camping-animationen\/abendliche-unterhaltung\/","url":"https:\/\/camping-latama.com\/de\/camping-animationen\/abendliche-unterhaltung\/","name":"Camping mit Show: Erleben Sie spektakul\u00e4re Abende in Agde","isPartOf":{"@id":"https:\/\/camping-latama.com\/de\/#website"},"primaryImageOfPage":{"@id":"https:\/\/camping-latama.com\/de\/camping-animationen\/abendliche-unterhaltung\/#primaryimage"},"image":{"@id":"https:\/\/camping-latama.com\/de\/camping-animationen\/abendliche-unterhaltung\/#primaryimage"},"thumbnailUrl":"https:\/\/camping-latama.com\/wp-content\/uploads\/2026\/03\/camping-avec-spectacle-03.jpg","datePublished":"2026-02-25T13:17:30+00:00","dateModified":"2026-04-03T10:03:57+00:00","description":"Erleben Sie die Emotionen der Shows auf dem Campingplatz La Tamarissi\u00e8re! Animierte Abende und Arena in Cap d'Agde. Buchen Sie Ihren 4-Sterne-Urlaub im H\u00e9rault!","breadcrumb":{"@id":"https:\/\/camping-latama.com\/de\/camping-animationen\/abendliche-unterhaltung\/#breadcrumb"},"inLanguage":"de","potentialAction":[{"@type":"ReadAction","target":["https:\/\/camping-latama.com\/de\/camping-animationen\/abendliche-unterhaltung\/"]}]},{"@type":"ImageObject","inLanguage":"de","@id":"https:\/\/camping-latama.com\/de\/camping-animationen\/abendliche-unterhaltung\/#primaryimage","url":"https:\/\/camping-latama.com\/wp-content\/uploads\/2026\/03\/camping-avec-spectacle-03.jpg","contentUrl":"https:\/\/camping-latama.com\/wp-content\/uploads\/2026\/03\/camping-avec-spectacle-03.jpg","width":2048,"height":1366,"caption":"Campingplatz mit Shows"},{"@type":"BreadcrumbList","@id":"https:\/\/camping-latama.com\/de\/camping-animationen\/abendliche-unterhaltung\/#breadcrumb","itemListElement":[{"@type":"ListItem","position":1,"name":"Camping Cap d'Agde","item":"https:\/\/camping-latama.com\/de\/startseite\/"},{"@type":"ListItem","position":2,"name":"Animationen auf dem Campingplatz","item":"https:\/\/camping-latama.com\/de\/camping-animationen\/"},{"@type":"ListItem","position":3,"name":"Camping Show"}]},{"@type":"WebSite","@id":"https:\/\/camping-latama.com\/de\/#website","url":"https:\/\/camping-latama.com\/de\/","name":"Camping La Tamarissi\u00e8re","description":"","potentialAction":[{"@type":"SearchAction","target":{"@type":"EntryPoint","urlTemplate":"https:\/\/camping-latama.com\/de\/?s={search_term_string}"},"query-input":{"@type":"PropertyValueSpecification","valueRequired":true,"valueName":"search_term_string"}}],"inLanguage":"de"}]}},"_links":{"self":[{"href":"https:\/\/camping-latama.com\/de\/wp-json\/wp\/v2\/pages\/77566","targetHints":{"allow":["GET"]}}],"collection":[{"href":"https:\/\/camping-latama.com\/de\/wp-json\/wp\/v2\/pages"}],"about":[{"href":"https:\/\/camping-latama.com\/de\/wp-json\/wp\/v2\/types\/page"}],"author":[{"embeddable":true,"href":"https:\/\/camping-latama.com\/de\/wp-json\/wp\/v2\/users\/4"}],"replies":[{"embeddable":true,"href":"https:\/\/camping-latama.com\/de\/wp-json\/wp\/v2\/comments?post=77566"}],"version-history":[{"count":1,"href":"https:\/\/camping-latama.com\/de\/wp-json\/wp\/v2\/pages\/77566\/revisions"}],"predecessor-version":[{"id":78248,"href":"https:\/\/camping-latama.com\/de\/wp-json\/wp\/v2\/pages\/77566\/revisions\/78248"}],"up":[{"embeddable":true,"href":"https:\/\/camping-latama.com\/de\/wp-json\/wp\/v2\/pages\/76219"}],"wp:featuredmedia":[{"embeddable":true,"href":"https:\/\/camping-latama.com\/de\/wp-json\/wp\/v2\/media\/77576"}],"wp:attachment":[{"href":"https:\/\/camping-latama.com\/de\/wp-json\/wp\/v2\/media?parent=77566"}],"wp:term":[{"taxonomy":"avantage","embeddable":true,"href":"https:\/\/camping-latama.com\/de\/wp-json\/wp\/v2\/avantage?post=77566"}],"curies":[{"name":"wp","href":"https:\/\/api.w.org\/{rel}","templated":true}]}}