{"id":77165,"date":"2026-02-12T12:38:16","date_gmt":"2026-02-12T12:38:16","guid":{"rendered":"https:\/\/camping-latama.com\/unterkuenfte-ungewoehnlich\/masai-zelt-5-personen\/"},"modified":"2026-02-12T12:38:16","modified_gmt":"2026-02-12T12:38:16","slug":"masai-zelt-5-personen","status":"publish","type":"page","link":"https:\/\/camping-latama.com\/de\/unterkuenfte-ungewoehnlich\/masai-zelt-5-personen\/","title":{"rendered":"Masai-Zelt 5 Personen"},"content":{"rendered":"","protected":false},"excerpt":{"rendered":"","protected":false},"author":3,"featured_media":77166,"parent":77054,"menu_order":4,"comment_status":"closed","ping_status":"closed","template":"templates\/tpl-hebergement.php","meta":{"_acf_changed":false,"inline_featured_image":false,"footnotes":""},"avantage":[],"class_list":["post-77165","page","type-page","status-publish","has-post-thumbnail","hentry"],"acf":[],"yoast_head":"<!-- This site is optimized with the Yoast SEO plugin v27.4 - https:\/\/yoast.com\/product\/yoast-seo-wordpress\/ -->\n<title>Masai Zelte - Campingplatz La Tamarissi\u00e8re<\/title>\n<meta name=\"description\" content=\"Entfliehen Sie mitten im Pinienwald von La Tamarissi\u00e8re in ein Zelt mit allem Komfort, das Masai-Zelt. Dieses ger\u00e4umige und gem\u00fctliche Zelt wird Sie mit Ihrer Familie oder mit Freunden zusammenbringen, um Momente des Abschaltens zu erleben...\" \/>\n<meta name=\"robots\" content=\"index, follow, max-snippet:-1, max-image-preview:large, max-video-preview:-1\" \/>\n<link rel=\"canonical\" href=\"https:\/\/camping-latama.com\/de\/unterkuenfte-ungewoehnlich\/masai-zelt-5-personen\/\" \/>\n<meta property=\"og:locale\" content=\"de_DE\" \/>\n<meta property=\"og:type\" content=\"article\" \/>\n<meta property=\"og:title\" content=\"Masai Zelte - Campingplatz La Tamarissi\u00e8re\" \/>\n<meta property=\"og:description\" content=\"Entfliehen Sie mitten im Pinienwald von La Tamarissi\u00e8re in ein Zelt mit allem Komfort, das Masai-Zelt. Dieses ger\u00e4umige und gem\u00fctliche Zelt wird Sie mit Ihrer Familie oder mit Freunden zusammenbringen, um Momente des Abschaltens zu erleben...\" \/>\n<meta property=\"og:url\" content=\"https:\/\/camping-latama.com\/de\/unterkuenfte-ungewoehnlich\/masai-zelt-5-personen\/\" \/>\n<meta property=\"og:site_name\" content=\"Camping La Tama\" \/>\n<meta property=\"og:image\" content=\"https:\/\/camping-latama.com\/wp-content\/uploads\/2026\/03\/tente-masai-01.jpg\" \/>\n\t<meta property=\"og:image:width\" content=\"1600\" \/>\n\t<meta property=\"og:image:height\" content=\"1200\" \/>\n\t<meta property=\"og:image:type\" content=\"image\/jpeg\" \/>\n<meta name=\"twitter:card\" content=\"summary_large_image\" \/>\n<script type=\"application\/ld+json\" class=\"yoast-schema-graph\">{\"@context\":\"https:\\\/\\\/schema.org\",\"@graph\":[{\"@type\":\"WebPage\",\"@id\":\"https:\\\/\\\/camping-latama.com\\\/de\\\/unterkuenfte-ungewoehnlich\\\/masai-zelt-5-personen\\\/\",\"url\":\"https:\\\/\\\/camping-latama.com\\\/de\\\/unterkuenfte-ungewoehnlich\\\/masai-zelt-5-personen\\\/\",\"name\":\"Masai Zelte - Campingplatz La Tamarissi\u00e8re\",\"isPartOf\":{\"@id\":\"https:\\\/\\\/camping-latama.com\\\/de\\\/#website\"},\"primaryImageOfPage\":{\"@id\":\"https:\\\/\\\/camping-latama.com\\\/de\\\/unterkuenfte-ungewoehnlich\\\/masai-zelt-5-personen\\\/#primaryimage\"},\"image\":{\"@id\":\"https:\\\/\\\/camping-latama.com\\\/de\\\/unterkuenfte-ungewoehnlich\\\/masai-zelt-5-personen\\\/#primaryimage\"},\"thumbnailUrl\":\"https:\\\/\\\/camping-latama.com\\\/wp-content\\\/uploads\\\/2026\\\/03\\\/tente-masai-01.jpg\",\"datePublished\":\"2026-02-12T12:38:16+00:00\",\"description\":\"Entfliehen Sie mitten im Pinienwald von La Tamarissi\u00e8re in ein Zelt mit allem Komfort, das Masai-Zelt. Dieses ger\u00e4umige und gem\u00fctliche Zelt wird Sie mit Ihrer Familie oder mit Freunden zusammenbringen, um Momente des Abschaltens zu erleben...\",\"breadcrumb\":{\"@id\":\"https:\\\/\\\/camping-latama.com\\\/de\\\/unterkuenfte-ungewoehnlich\\\/masai-zelt-5-personen\\\/#breadcrumb\"},\"inLanguage\":\"de\",\"potentialAction\":[{\"@type\":\"ReadAction\",\"target\":[\"https:\\\/\\\/camping-latama.com\\\/de\\\/unterkuenfte-ungewoehnlich\\\/masai-zelt-5-personen\\\/\"]}]},{\"@type\":\"ImageObject\",\"inLanguage\":\"de\",\"@id\":\"https:\\\/\\\/camping-latama.com\\\/de\\\/unterkuenfte-ungewoehnlich\\\/masai-zelt-5-personen\\\/#primaryimage\",\"url\":\"https:\\\/\\\/camping-latama.com\\\/wp-content\\\/uploads\\\/2026\\\/03\\\/tente-masai-01.jpg\",\"contentUrl\":\"https:\\\/\\\/camping-latama.com\\\/wp-content\\\/uploads\\\/2026\\\/03\\\/tente-masai-01.jpg\",\"width\":1600,\"height\":1200,\"caption\":\"Masai-Zelt 5 Personen\"},{\"@type\":\"BreadcrumbList\",\"@id\":\"https:\\\/\\\/camping-latama.com\\\/de\\\/unterkuenfte-ungewoehnlich\\\/masai-zelt-5-personen\\\/#breadcrumb\",\"itemListElement\":[{\"@type\":\"ListItem\",\"position\":1,\"name\":\"Camping Cap d'Agde\",\"item\":\"https:\\\/\\\/camping-latama.com\\\/de\\\/startseite\\\/\"},{\"@type\":\"ListItem\",\"position\":2,\"name\":\"Ungew\u00f6hnliche Unterkunft Agde\",\"item\":\"https:\\\/\\\/camping-latama.com\\\/de\\\/unterkuenfte-ungewoehnlich\\\/\"},{\"@type\":\"ListItem\",\"position\":3,\"name\":\"Masai-Zelt 5 Personen\"}]},{\"@type\":\"WebSite\",\"@id\":\"https:\\\/\\\/camping-latama.com\\\/de\\\/#website\",\"url\":\"https:\\\/\\\/camping-latama.com\\\/de\\\/\",\"name\":\"Camping La Tamarissi\u00e8re\",\"description\":\"\",\"potentialAction\":[{\"@type\":\"SearchAction\",\"target\":{\"@type\":\"EntryPoint\",\"urlTemplate\":\"https:\\\/\\\/camping-latama.com\\\/de\\\/?s={search_term_string}\"},\"query-input\":{\"@type\":\"PropertyValueSpecification\",\"valueRequired\":true,\"valueName\":\"search_term_string\"}}],\"inLanguage\":\"de\"}]}<\/script>\n<!-- \/ Yoast SEO plugin. -->","yoast_head_json":{"title":"Masai Zelte - Campingplatz La Tamarissi\u00e8re","description":"Entfliehen Sie mitten im Pinienwald von La Tamarissi\u00e8re in ein Zelt mit allem Komfort, das Masai-Zelt. Dieses ger\u00e4umige und gem\u00fctliche Zelt wird Sie mit Ihrer Familie oder mit Freunden zusammenbringen, um Momente des Abschaltens zu erleben...","robots":{"index":"index","follow":"follow","max-snippet":"max-snippet:-1","max-image-preview":"max-image-preview:large","max-video-preview":"max-video-preview:-1"},"canonical":"https:\/\/camping-latama.com\/de\/unterkuenfte-ungewoehnlich\/masai-zelt-5-personen\/","og_locale":"de_DE","og_type":"article","og_title":"Masai Zelte - Campingplatz La Tamarissi\u00e8re","og_description":"Entfliehen Sie mitten im Pinienwald von La Tamarissi\u00e8re in ein Zelt mit allem Komfort, das Masai-Zelt. Dieses ger\u00e4umige und gem\u00fctliche Zelt wird Sie mit Ihrer Familie oder mit Freunden zusammenbringen, um Momente des Abschaltens zu erleben...","og_url":"https:\/\/camping-latama.com\/de\/unterkuenfte-ungewoehnlich\/masai-zelt-5-personen\/","og_site_name":"Camping La Tama","og_image":[{"width":1600,"height":1200,"url":"https:\/\/camping-latama.com\/wp-content\/uploads\/2026\/03\/tente-masai-01.jpg","type":"image\/jpeg"}],"twitter_card":"summary_large_image","schema":{"@context":"https:\/\/schema.org","@graph":[{"@type":"WebPage","@id":"https:\/\/camping-latama.com\/de\/unterkuenfte-ungewoehnlich\/masai-zelt-5-personen\/","url":"https:\/\/camping-latama.com\/de\/unterkuenfte-ungewoehnlich\/masai-zelt-5-personen\/","name":"Masai Zelte - Campingplatz La Tamarissi\u00e8re","isPartOf":{"@id":"https:\/\/camping-latama.com\/de\/#website"},"primaryImageOfPage":{"@id":"https:\/\/camping-latama.com\/de\/unterkuenfte-ungewoehnlich\/masai-zelt-5-personen\/#primaryimage"},"image":{"@id":"https:\/\/camping-latama.com\/de\/unterkuenfte-ungewoehnlich\/masai-zelt-5-personen\/#primaryimage"},"thumbnailUrl":"https:\/\/camping-latama.com\/wp-content\/uploads\/2026\/03\/tente-masai-01.jpg","datePublished":"2026-02-12T12:38:16+00:00","description":"Entfliehen Sie mitten im Pinienwald von La Tamarissi\u00e8re in ein Zelt mit allem Komfort, das Masai-Zelt. Dieses ger\u00e4umige und gem\u00fctliche Zelt wird Sie mit Ihrer Familie oder mit Freunden zusammenbringen, um Momente des Abschaltens zu erleben...","breadcrumb":{"@id":"https:\/\/camping-latama.com\/de\/unterkuenfte-ungewoehnlich\/masai-zelt-5-personen\/#breadcrumb"},"inLanguage":"de","potentialAction":[{"@type":"ReadAction","target":["https:\/\/camping-latama.com\/de\/unterkuenfte-ungewoehnlich\/masai-zelt-5-personen\/"]}]},{"@type":"ImageObject","inLanguage":"de","@id":"https:\/\/camping-latama.com\/de\/unterkuenfte-ungewoehnlich\/masai-zelt-5-personen\/#primaryimage","url":"https:\/\/camping-latama.com\/wp-content\/uploads\/2026\/03\/tente-masai-01.jpg","contentUrl":"https:\/\/camping-latama.com\/wp-content\/uploads\/2026\/03\/tente-masai-01.jpg","width":1600,"height":1200,"caption":"Masai-Zelt 5 Personen"},{"@type":"BreadcrumbList","@id":"https:\/\/camping-latama.com\/de\/unterkuenfte-ungewoehnlich\/masai-zelt-5-personen\/#breadcrumb","itemListElement":[{"@type":"ListItem","position":1,"name":"Camping Cap d'Agde","item":"https:\/\/camping-latama.com\/de\/startseite\/"},{"@type":"ListItem","position":2,"name":"Ungew\u00f6hnliche Unterkunft Agde","item":"https:\/\/camping-latama.com\/de\/unterkuenfte-ungewoehnlich\/"},{"@type":"ListItem","position":3,"name":"Masai-Zelt 5 Personen"}]},{"@type":"WebSite","@id":"https:\/\/camping-latama.com\/de\/#website","url":"https:\/\/camping-latama.com\/de\/","name":"Camping La Tamarissi\u00e8re","description":"","potentialAction":[{"@type":"SearchAction","target":{"@type":"EntryPoint","urlTemplate":"https:\/\/camping-latama.com\/de\/?s={search_term_string}"},"query-input":{"@type":"PropertyValueSpecification","valueRequired":true,"valueName":"search_term_string"}}],"inLanguage":"de"}]}},"_links":{"self":[{"href":"https:\/\/camping-latama.com\/de\/wp-json\/wp\/v2\/pages\/77165","targetHints":{"allow":["GET"]}}],"collection":[{"href":"https:\/\/camping-latama.com\/de\/wp-json\/wp\/v2\/pages"}],"about":[{"href":"https:\/\/camping-latama.com\/de\/wp-json\/wp\/v2\/types\/page"}],"author":[{"embeddable":true,"href":"https:\/\/camping-latama.com\/de\/wp-json\/wp\/v2\/users\/3"}],"replies":[{"embeddable":true,"href":"https:\/\/camping-latama.com\/de\/wp-json\/wp\/v2\/comments?post=77165"}],"version-history":[{"count":0,"href":"https:\/\/camping-latama.com\/de\/wp-json\/wp\/v2\/pages\/77165\/revisions"}],"up":[{"embeddable":true,"href":"https:\/\/camping-latama.com\/de\/wp-json\/wp\/v2\/pages\/77054"}],"wp:featuredmedia":[{"embeddable":true,"href":"https:\/\/camping-latama.com\/de\/wp-json\/wp\/v2\/media\/77166"}],"wp:attachment":[{"href":"https:\/\/camping-latama.com\/de\/wp-json\/wp\/v2\/media?parent=77165"}],"wp:term":[{"taxonomy":"avantage","embeddable":true,"href":"https:\/\/camping-latama.com\/de\/wp-json\/wp\/v2\/avantage?post=77165"}],"curies":[{"name":"wp","href":"https:\/\/api.w.org\/{rel}","templated":true}]}}