{"id":76574,"date":"2026-02-26T14:06:34","date_gmt":"2026-02-26T14:06:34","guid":{"rendered":"https:\/\/camping-latama.com\/wifi\/"},"modified":"2026-03-24T13:59:28","modified_gmt":"2026-03-24T13:59:28","slug":"wifi","status":"publish","type":"page","link":"https:\/\/camping-latama.com\/de\/dienstleistungen\/wifi\/","title":{"rendered":"Wifi"},"content":{"rendered":"","protected":false},"excerpt":{"rendered":"","protected":false},"author":4,"featured_media":76584,"parent":77220,"menu_order":0,"comment_status":"closed","ping_status":"closed","template":"","meta":{"_acf_changed":false,"inline_featured_image":false,"footnotes":""},"avantage":[],"class_list":["post-76574","page","type-page","status-publish","has-post-thumbnail","hentry"],"acf":[],"yoast_head":"<!-- This site is optimized with the Yoast SEO plugin v27.4 - https:\/\/yoast.com\/product\/yoast-seo-wordpress\/ -->\n<title>Camping mit WiFi: Urlaub in Verbindung mit WiFi auf dem gesamten Campingplatz.<\/title>\n<meta name=\"description\" content=\"Entdecken Sie La Tamarissi\u00e8re in Agde: ein Campingplatz mit WiFi-Glasfaseranschluss, nat\u00fcrlicher Lagune und \u00d6ko-Chic-Mobilheimen. Buchen Sie Ihren Urlaub mit Internetanschluss!\" \/>\n<meta name=\"robots\" content=\"index, follow, max-snippet:-1, max-image-preview:large, max-video-preview:-1\" \/>\n<link rel=\"canonical\" href=\"https:\/\/camping-latama.com\/de\/dienstleistungen\/wifi\/\" \/>\n<meta property=\"og:locale\" content=\"de_DE\" \/>\n<meta property=\"og:type\" content=\"article\" \/>\n<meta property=\"og:title\" content=\"Camping mit WiFi: Urlaub in Verbindung mit WiFi auf dem gesamten Campingplatz.\" \/>\n<meta property=\"og:description\" content=\"Entdecken Sie La Tamarissi\u00e8re in Agde: ein Campingplatz mit WiFi-Glasfaseranschluss, nat\u00fcrlicher Lagune und \u00d6ko-Chic-Mobilheimen. Buchen Sie Ihren Urlaub mit Internetanschluss!\" \/>\n<meta property=\"og:url\" content=\"https:\/\/camping-latama.com\/de\/dienstleistungen\/wifi\/\" \/>\n<meta property=\"og:site_name\" content=\"Camping La Tama\" \/>\n<meta property=\"article:modified_time\" content=\"2026-03-24T13:59:28+00:00\" \/>\n<meta property=\"og:image\" content=\"https:\/\/camping-latama.com\/wp-content\/uploads\/2026\/03\/camping-avec-wifi-01.jpg\" \/>\n\t<meta property=\"og:image:width\" content=\"1668\" \/>\n\t<meta property=\"og:image:height\" content=\"1142\" \/>\n\t<meta property=\"og:image:type\" content=\"image\/jpeg\" \/>\n<meta name=\"twitter:card\" content=\"summary_large_image\" \/>\n<script type=\"application\/ld+json\" class=\"yoast-schema-graph\">{\"@context\":\"https:\\\/\\\/schema.org\",\"@graph\":[{\"@type\":\"WebPage\",\"@id\":\"https:\\\/\\\/camping-latama.com\\\/de\\\/dienstleistungen\\\/wifi\\\/\",\"url\":\"https:\\\/\\\/camping-latama.com\\\/de\\\/dienstleistungen\\\/wifi\\\/\",\"name\":\"Camping mit WiFi: Urlaub in Verbindung mit WiFi auf dem gesamten Campingplatz.\",\"isPartOf\":{\"@id\":\"https:\\\/\\\/camping-latama.com\\\/de\\\/#website\"},\"primaryImageOfPage\":{\"@id\":\"https:\\\/\\\/camping-latama.com\\\/de\\\/dienstleistungen\\\/wifi\\\/#primaryimage\"},\"image\":{\"@id\":\"https:\\\/\\\/camping-latama.com\\\/de\\\/dienstleistungen\\\/wifi\\\/#primaryimage\"},\"thumbnailUrl\":\"https:\\\/\\\/camping-latama.com\\\/wp-content\\\/uploads\\\/2026\\\/03\\\/camping-avec-wifi-01.jpg\",\"datePublished\":\"2026-02-26T14:06:34+00:00\",\"dateModified\":\"2026-03-24T13:59:28+00:00\",\"description\":\"Entdecken Sie La Tamarissi\u00e8re in Agde: ein Campingplatz mit WiFi-Glasfaseranschluss, nat\u00fcrlicher Lagune und \u00d6ko-Chic-Mobilheimen. Buchen Sie Ihren Urlaub mit Internetanschluss!\",\"breadcrumb\":{\"@id\":\"https:\\\/\\\/camping-latama.com\\\/de\\\/dienstleistungen\\\/wifi\\\/#breadcrumb\"},\"inLanguage\":\"de\",\"potentialAction\":[{\"@type\":\"ReadAction\",\"target\":[\"https:\\\/\\\/camping-latama.com\\\/de\\\/dienstleistungen\\\/wifi\\\/\"]}]},{\"@type\":\"ImageObject\",\"inLanguage\":\"de\",\"@id\":\"https:\\\/\\\/camping-latama.com\\\/de\\\/dienstleistungen\\\/wifi\\\/#primaryimage\",\"url\":\"https:\\\/\\\/camping-latama.com\\\/wp-content\\\/uploads\\\/2026\\\/03\\\/camping-avec-wifi-01.jpg\",\"contentUrl\":\"https:\\\/\\\/camping-latama.com\\\/wp-content\\\/uploads\\\/2026\\\/03\\\/camping-avec-wifi-01.jpg\",\"width\":1668,\"height\":1142,\"caption\":\"Campingplatz mit Wifi\"},{\"@type\":\"BreadcrumbList\",\"@id\":\"https:\\\/\\\/camping-latama.com\\\/de\\\/dienstleistungen\\\/wifi\\\/#breadcrumb\",\"itemListElement\":[{\"@type\":\"ListItem\",\"position\":1,\"name\":\"Camping Cap d'Agde\",\"item\":\"https:\\\/\\\/camping-latama.com\\\/de\\\/startseite\\\/\"},{\"@type\":\"ListItem\",\"position\":2,\"name\":\"Einrichtungen und Dienstleistungen\",\"item\":\"https:\\\/\\\/camping-latama.com\\\/de\\\/dienstleistungen\\\/\"},{\"@type\":\"ListItem\",\"position\":3,\"name\":\"WiFi auf dem Campingplatz\"}]},{\"@type\":\"WebSite\",\"@id\":\"https:\\\/\\\/camping-latama.com\\\/de\\\/#website\",\"url\":\"https:\\\/\\\/camping-latama.com\\\/de\\\/\",\"name\":\"Camping La Tamarissi\u00e8re\",\"description\":\"\",\"potentialAction\":[{\"@type\":\"SearchAction\",\"target\":{\"@type\":\"EntryPoint\",\"urlTemplate\":\"https:\\\/\\\/camping-latama.com\\\/de\\\/?s={search_term_string}\"},\"query-input\":{\"@type\":\"PropertyValueSpecification\",\"valueRequired\":true,\"valueName\":\"search_term_string\"}}],\"inLanguage\":\"de\"}]}<\/script>\n<!-- \/ Yoast SEO plugin. -->","yoast_head_json":{"title":"Camping mit WiFi: Urlaub in Verbindung mit WiFi auf dem gesamten Campingplatz.","description":"Entdecken Sie La Tamarissi\u00e8re in Agde: ein Campingplatz mit WiFi-Glasfaseranschluss, nat\u00fcrlicher Lagune und \u00d6ko-Chic-Mobilheimen. Buchen Sie Ihren Urlaub mit Internetanschluss!","robots":{"index":"index","follow":"follow","max-snippet":"max-snippet:-1","max-image-preview":"max-image-preview:large","max-video-preview":"max-video-preview:-1"},"canonical":"https:\/\/camping-latama.com\/de\/dienstleistungen\/wifi\/","og_locale":"de_DE","og_type":"article","og_title":"Camping mit WiFi: Urlaub in Verbindung mit WiFi auf dem gesamten Campingplatz.","og_description":"Entdecken Sie La Tamarissi\u00e8re in Agde: ein Campingplatz mit WiFi-Glasfaseranschluss, nat\u00fcrlicher Lagune und \u00d6ko-Chic-Mobilheimen. Buchen Sie Ihren Urlaub mit Internetanschluss!","og_url":"https:\/\/camping-latama.com\/de\/dienstleistungen\/wifi\/","og_site_name":"Camping La Tama","article_modified_time":"2026-03-24T13:59:28+00:00","og_image":[{"width":1668,"height":1142,"url":"https:\/\/camping-latama.com\/wp-content\/uploads\/2026\/03\/camping-avec-wifi-01.jpg","type":"image\/jpeg"}],"twitter_card":"summary_large_image","schema":{"@context":"https:\/\/schema.org","@graph":[{"@type":"WebPage","@id":"https:\/\/camping-latama.com\/de\/dienstleistungen\/wifi\/","url":"https:\/\/camping-latama.com\/de\/dienstleistungen\/wifi\/","name":"Camping mit WiFi: Urlaub in Verbindung mit WiFi auf dem gesamten Campingplatz.","isPartOf":{"@id":"https:\/\/camping-latama.com\/de\/#website"},"primaryImageOfPage":{"@id":"https:\/\/camping-latama.com\/de\/dienstleistungen\/wifi\/#primaryimage"},"image":{"@id":"https:\/\/camping-latama.com\/de\/dienstleistungen\/wifi\/#primaryimage"},"thumbnailUrl":"https:\/\/camping-latama.com\/wp-content\/uploads\/2026\/03\/camping-avec-wifi-01.jpg","datePublished":"2026-02-26T14:06:34+00:00","dateModified":"2026-03-24T13:59:28+00:00","description":"Entdecken Sie La Tamarissi\u00e8re in Agde: ein Campingplatz mit WiFi-Glasfaseranschluss, nat\u00fcrlicher Lagune und \u00d6ko-Chic-Mobilheimen. Buchen Sie Ihren Urlaub mit Internetanschluss!","breadcrumb":{"@id":"https:\/\/camping-latama.com\/de\/dienstleistungen\/wifi\/#breadcrumb"},"inLanguage":"de","potentialAction":[{"@type":"ReadAction","target":["https:\/\/camping-latama.com\/de\/dienstleistungen\/wifi\/"]}]},{"@type":"ImageObject","inLanguage":"de","@id":"https:\/\/camping-latama.com\/de\/dienstleistungen\/wifi\/#primaryimage","url":"https:\/\/camping-latama.com\/wp-content\/uploads\/2026\/03\/camping-avec-wifi-01.jpg","contentUrl":"https:\/\/camping-latama.com\/wp-content\/uploads\/2026\/03\/camping-avec-wifi-01.jpg","width":1668,"height":1142,"caption":"Campingplatz mit Wifi"},{"@type":"BreadcrumbList","@id":"https:\/\/camping-latama.com\/de\/dienstleistungen\/wifi\/#breadcrumb","itemListElement":[{"@type":"ListItem","position":1,"name":"Camping Cap d'Agde","item":"https:\/\/camping-latama.com\/de\/startseite\/"},{"@type":"ListItem","position":2,"name":"Einrichtungen und Dienstleistungen","item":"https:\/\/camping-latama.com\/de\/dienstleistungen\/"},{"@type":"ListItem","position":3,"name":"WiFi auf dem Campingplatz"}]},{"@type":"WebSite","@id":"https:\/\/camping-latama.com\/de\/#website","url":"https:\/\/camping-latama.com\/de\/","name":"Camping La Tamarissi\u00e8re","description":"","potentialAction":[{"@type":"SearchAction","target":{"@type":"EntryPoint","urlTemplate":"https:\/\/camping-latama.com\/de\/?s={search_term_string}"},"query-input":{"@type":"PropertyValueSpecification","valueRequired":true,"valueName":"search_term_string"}}],"inLanguage":"de"}]}},"_links":{"self":[{"href":"https:\/\/camping-latama.com\/de\/wp-json\/wp\/v2\/pages\/76574","targetHints":{"allow":["GET"]}}],"collection":[{"href":"https:\/\/camping-latama.com\/de\/wp-json\/wp\/v2\/pages"}],"about":[{"href":"https:\/\/camping-latama.com\/de\/wp-json\/wp\/v2\/types\/page"}],"author":[{"embeddable":true,"href":"https:\/\/camping-latama.com\/de\/wp-json\/wp\/v2\/users\/4"}],"replies":[{"embeddable":true,"href":"https:\/\/camping-latama.com\/de\/wp-json\/wp\/v2\/comments?post=76574"}],"version-history":[{"count":1,"href":"https:\/\/camping-latama.com\/de\/wp-json\/wp\/v2\/pages\/76574\/revisions"}],"predecessor-version":[{"id":77223,"href":"https:\/\/camping-latama.com\/de\/wp-json\/wp\/v2\/pages\/76574\/revisions\/77223"}],"up":[{"embeddable":true,"href":"https:\/\/camping-latama.com\/de\/wp-json\/wp\/v2\/pages\/77220"}],"wp:featuredmedia":[{"embeddable":true,"href":"https:\/\/camping-latama.com\/de\/wp-json\/wp\/v2\/media\/76584"}],"wp:attachment":[{"href":"https:\/\/camping-latama.com\/de\/wp-json\/wp\/v2\/media?parent=76574"}],"wp:term":[{"taxonomy":"avantage","embeddable":true,"href":"https:\/\/camping-latama.com\/de\/wp-json\/wp\/v2\/avantage?post=76574"}],"curies":[{"name":"wp","href":"https:\/\/api.w.org\/{rel}","templated":true}]}}