{"id":76505,"date":"2026-02-26T13:46:31","date_gmt":"2026-02-26T13:46:31","guid":{"rendered":"https:\/\/camping-latama.com\/markt\/"},"modified":"2026-03-24T13:59:28","modified_gmt":"2026-03-24T13:59:28","slug":"markt","status":"publish","type":"page","link":"https:\/\/camping-latama.com\/de\/dienstleistungen\/markt\/","title":{"rendered":"Markt"},"content":{"rendered":"","protected":false},"excerpt":{"rendered":"","protected":false},"author":4,"featured_media":76510,"parent":77220,"menu_order":0,"comment_status":"closed","ping_status":"closed","template":"","meta":{"_acf_changed":false,"inline_featured_image":false,"footnotes":""},"avantage":[],"class_list":["post-76505","page","type-page","status-publish","has-post-thumbnail","hentry"],"acf":[],"yoast_head":"<!-- This site is optimized with the Yoast SEO plugin v27.4 - https:\/\/yoast.com\/product\/yoast-seo-wordpress\/ -->\n<title>Markt auf dem Campingplatz La Tamarissi\u00e8re: Tage, Zeiten, Ort<\/title>\n<meta name=\"description\" content=\"Erleben Sie einen authentischen Urlaub auf unserem Campingplatz mit Service in S\u00fcdfrankreich. Genie\u00dfen Sie unseren Markt, lokale Produkte und Mobilheime in Agde!\" \/>\n<meta name=\"robots\" content=\"index, follow, max-snippet:-1, max-image-preview:large, max-video-preview:-1\" \/>\n<link rel=\"canonical\" href=\"https:\/\/camping-latama.com\/de\/dienstleistungen\/markt\/\" \/>\n<meta property=\"og:locale\" content=\"de_DE\" \/>\n<meta property=\"og:type\" content=\"article\" \/>\n<meta property=\"og:title\" content=\"Markt auf dem Campingplatz La Tamarissi\u00e8re: Tage, Zeiten, Ort\" \/>\n<meta property=\"og:description\" content=\"Erleben Sie einen authentischen Urlaub auf unserem Campingplatz mit Service in S\u00fcdfrankreich. Genie\u00dfen Sie unseren Markt, lokale Produkte und Mobilheime in Agde!\" \/>\n<meta property=\"og:url\" content=\"https:\/\/camping-latama.com\/de\/dienstleistungen\/markt\/\" \/>\n<meta property=\"og:site_name\" content=\"Camping La Tama\" \/>\n<meta property=\"article:modified_time\" content=\"2026-03-24T13:59:28+00:00\" \/>\n<meta property=\"og:image\" content=\"https:\/\/camping-latama.com\/wp-content\/uploads\/2026\/03\/camping-avec-marche-04.jpg\" \/>\n\t<meta property=\"og:image:width\" content=\"1260\" \/>\n\t<meta property=\"og:image:height\" content=\"880\" \/>\n\t<meta property=\"og:image:type\" content=\"image\/jpeg\" \/>\n<meta name=\"twitter:card\" content=\"summary_large_image\" \/>\n<script type=\"application\/ld+json\" class=\"yoast-schema-graph\">{\"@context\":\"https:\\\/\\\/schema.org\",\"@graph\":[{\"@type\":\"WebPage\",\"@id\":\"https:\\\/\\\/camping-latama.com\\\/de\\\/dienstleistungen\\\/markt\\\/\",\"url\":\"https:\\\/\\\/camping-latama.com\\\/de\\\/dienstleistungen\\\/markt\\\/\",\"name\":\"Markt auf dem Campingplatz La Tamarissi\u00e8re: Tage, Zeiten, Ort\",\"isPartOf\":{\"@id\":\"https:\\\/\\\/camping-latama.com\\\/de\\\/#website\"},\"primaryImageOfPage\":{\"@id\":\"https:\\\/\\\/camping-latama.com\\\/de\\\/dienstleistungen\\\/markt\\\/#primaryimage\"},\"image\":{\"@id\":\"https:\\\/\\\/camping-latama.com\\\/de\\\/dienstleistungen\\\/markt\\\/#primaryimage\"},\"thumbnailUrl\":\"https:\\\/\\\/camping-latama.com\\\/wp-content\\\/uploads\\\/2026\\\/03\\\/camping-avec-marche-04.jpg\",\"datePublished\":\"2026-02-26T13:46:31+00:00\",\"dateModified\":\"2026-03-24T13:59:28+00:00\",\"description\":\"Erleben Sie einen authentischen Urlaub auf unserem Campingplatz mit Service in S\u00fcdfrankreich. Genie\u00dfen Sie unseren Markt, lokale Produkte und Mobilheime in Agde!\",\"breadcrumb\":{\"@id\":\"https:\\\/\\\/camping-latama.com\\\/de\\\/dienstleistungen\\\/markt\\\/#breadcrumb\"},\"inLanguage\":\"de\",\"potentialAction\":[{\"@type\":\"ReadAction\",\"target\":[\"https:\\\/\\\/camping-latama.com\\\/de\\\/dienstleistungen\\\/markt\\\/\"]}]},{\"@type\":\"ImageObject\",\"inLanguage\":\"de\",\"@id\":\"https:\\\/\\\/camping-latama.com\\\/de\\\/dienstleistungen\\\/markt\\\/#primaryimage\",\"url\":\"https:\\\/\\\/camping-latama.com\\\/wp-content\\\/uploads\\\/2026\\\/03\\\/camping-avec-marche-04.jpg\",\"contentUrl\":\"https:\\\/\\\/camping-latama.com\\\/wp-content\\\/uploads\\\/2026\\\/03\\\/camping-avec-marche-04.jpg\",\"width\":1260,\"height\":880,\"caption\":\"Campingplatz mit Markt\"},{\"@type\":\"BreadcrumbList\",\"@id\":\"https:\\\/\\\/camping-latama.com\\\/de\\\/dienstleistungen\\\/markt\\\/#breadcrumb\",\"itemListElement\":[{\"@type\":\"ListItem\",\"position\":1,\"name\":\"Camping Cap d'Agde\",\"item\":\"https:\\\/\\\/camping-latama.com\\\/de\\\/startseite\\\/\"},{\"@type\":\"ListItem\",\"position\":2,\"name\":\"Einrichtungen und Dienstleistungen\",\"item\":\"https:\\\/\\\/camping-latama.com\\\/de\\\/dienstleistungen\\\/\"},{\"@type\":\"ListItem\",\"position\":3,\"name\":\"Markt\"}]},{\"@type\":\"WebSite\",\"@id\":\"https:\\\/\\\/camping-latama.com\\\/de\\\/#website\",\"url\":\"https:\\\/\\\/camping-latama.com\\\/de\\\/\",\"name\":\"Camping La Tamarissi\u00e8re\",\"description\":\"\",\"potentialAction\":[{\"@type\":\"SearchAction\",\"target\":{\"@type\":\"EntryPoint\",\"urlTemplate\":\"https:\\\/\\\/camping-latama.com\\\/de\\\/?s={search_term_string}\"},\"query-input\":{\"@type\":\"PropertyValueSpecification\",\"valueRequired\":true,\"valueName\":\"search_term_string\"}}],\"inLanguage\":\"de\"}]}<\/script>\n<!-- \/ Yoast SEO plugin. -->","yoast_head_json":{"title":"Markt auf dem Campingplatz La Tamarissi\u00e8re: Tage, Zeiten, Ort","description":"Erleben Sie einen authentischen Urlaub auf unserem Campingplatz mit Service in S\u00fcdfrankreich. Genie\u00dfen Sie unseren Markt, lokale Produkte und Mobilheime in Agde!","robots":{"index":"index","follow":"follow","max-snippet":"max-snippet:-1","max-image-preview":"max-image-preview:large","max-video-preview":"max-video-preview:-1"},"canonical":"https:\/\/camping-latama.com\/de\/dienstleistungen\/markt\/","og_locale":"de_DE","og_type":"article","og_title":"Markt auf dem Campingplatz La Tamarissi\u00e8re: Tage, Zeiten, Ort","og_description":"Erleben Sie einen authentischen Urlaub auf unserem Campingplatz mit Service in S\u00fcdfrankreich. Genie\u00dfen Sie unseren Markt, lokale Produkte und Mobilheime in Agde!","og_url":"https:\/\/camping-latama.com\/de\/dienstleistungen\/markt\/","og_site_name":"Camping La Tama","article_modified_time":"2026-03-24T13:59:28+00:00","og_image":[{"width":1260,"height":880,"url":"https:\/\/camping-latama.com\/wp-content\/uploads\/2026\/03\/camping-avec-marche-04.jpg","type":"image\/jpeg"}],"twitter_card":"summary_large_image","schema":{"@context":"https:\/\/schema.org","@graph":[{"@type":"WebPage","@id":"https:\/\/camping-latama.com\/de\/dienstleistungen\/markt\/","url":"https:\/\/camping-latama.com\/de\/dienstleistungen\/markt\/","name":"Markt auf dem Campingplatz La Tamarissi\u00e8re: Tage, Zeiten, Ort","isPartOf":{"@id":"https:\/\/camping-latama.com\/de\/#website"},"primaryImageOfPage":{"@id":"https:\/\/camping-latama.com\/de\/dienstleistungen\/markt\/#primaryimage"},"image":{"@id":"https:\/\/camping-latama.com\/de\/dienstleistungen\/markt\/#primaryimage"},"thumbnailUrl":"https:\/\/camping-latama.com\/wp-content\/uploads\/2026\/03\/camping-avec-marche-04.jpg","datePublished":"2026-02-26T13:46:31+00:00","dateModified":"2026-03-24T13:59:28+00:00","description":"Erleben Sie einen authentischen Urlaub auf unserem Campingplatz mit Service in S\u00fcdfrankreich. Genie\u00dfen Sie unseren Markt, lokale Produkte und Mobilheime in Agde!","breadcrumb":{"@id":"https:\/\/camping-latama.com\/de\/dienstleistungen\/markt\/#breadcrumb"},"inLanguage":"de","potentialAction":[{"@type":"ReadAction","target":["https:\/\/camping-latama.com\/de\/dienstleistungen\/markt\/"]}]},{"@type":"ImageObject","inLanguage":"de","@id":"https:\/\/camping-latama.com\/de\/dienstleistungen\/markt\/#primaryimage","url":"https:\/\/camping-latama.com\/wp-content\/uploads\/2026\/03\/camping-avec-marche-04.jpg","contentUrl":"https:\/\/camping-latama.com\/wp-content\/uploads\/2026\/03\/camping-avec-marche-04.jpg","width":1260,"height":880,"caption":"Campingplatz mit Markt"},{"@type":"BreadcrumbList","@id":"https:\/\/camping-latama.com\/de\/dienstleistungen\/markt\/#breadcrumb","itemListElement":[{"@type":"ListItem","position":1,"name":"Camping Cap d'Agde","item":"https:\/\/camping-latama.com\/de\/startseite\/"},{"@type":"ListItem","position":2,"name":"Einrichtungen und Dienstleistungen","item":"https:\/\/camping-latama.com\/de\/dienstleistungen\/"},{"@type":"ListItem","position":3,"name":"Markt"}]},{"@type":"WebSite","@id":"https:\/\/camping-latama.com\/de\/#website","url":"https:\/\/camping-latama.com\/de\/","name":"Camping La Tamarissi\u00e8re","description":"","potentialAction":[{"@type":"SearchAction","target":{"@type":"EntryPoint","urlTemplate":"https:\/\/camping-latama.com\/de\/?s={search_term_string}"},"query-input":{"@type":"PropertyValueSpecification","valueRequired":true,"valueName":"search_term_string"}}],"inLanguage":"de"}]}},"_links":{"self":[{"href":"https:\/\/camping-latama.com\/de\/wp-json\/wp\/v2\/pages\/76505","targetHints":{"allow":["GET"]}}],"collection":[{"href":"https:\/\/camping-latama.com\/de\/wp-json\/wp\/v2\/pages"}],"about":[{"href":"https:\/\/camping-latama.com\/de\/wp-json\/wp\/v2\/types\/page"}],"author":[{"embeddable":true,"href":"https:\/\/camping-latama.com\/de\/wp-json\/wp\/v2\/users\/4"}],"replies":[{"embeddable":true,"href":"https:\/\/camping-latama.com\/de\/wp-json\/wp\/v2\/comments?post=76505"}],"version-history":[{"count":1,"href":"https:\/\/camping-latama.com\/de\/wp-json\/wp\/v2\/pages\/76505\/revisions"}],"predecessor-version":[{"id":77222,"href":"https:\/\/camping-latama.com\/de\/wp-json\/wp\/v2\/pages\/76505\/revisions\/77222"}],"up":[{"embeddable":true,"href":"https:\/\/camping-latama.com\/de\/wp-json\/wp\/v2\/pages\/77220"}],"wp:featuredmedia":[{"embeddable":true,"href":"https:\/\/camping-latama.com\/de\/wp-json\/wp\/v2\/media\/76510"}],"wp:attachment":[{"href":"https:\/\/camping-latama.com\/de\/wp-json\/wp\/v2\/media?parent=76505"}],"wp:term":[{"taxonomy":"avantage","embeddable":true,"href":"https:\/\/camping-latama.com\/de\/wp-json\/wp\/v2\/avantage?post=76505"}],"curies":[{"name":"wp","href":"https:\/\/api.w.org\/{rel}","templated":true}]}}