{"id":76014,"date":"2026-02-12T12:38:16","date_gmt":"2026-02-12T12:38:16","guid":{"rendered":"https:\/\/camping-latama.com\/cocoon-evasion-4-personen\/"},"modified":"2026-03-24T13:57:11","modified_gmt":"2026-03-24T13:57:11","slug":"cocoon-evasion-4-personen","status":"publish","type":"page","link":"https:\/\/camping-latama.com\/de\/unterkuenfte-ungewoehnlich\/cocoon-evasion-4-personen\/","title":{"rendered":"Cocoon Evasion 4 Personen"},"content":{"rendered":"","protected":false},"excerpt":{"rendered":"","protected":false},"author":3,"featured_media":76024,"parent":77054,"menu_order":5,"comment_status":"closed","ping_status":"closed","template":"templates\/tpl-hebergement.php","meta":{"_acf_changed":false,"inline_featured_image":false,"footnotes":""},"avantage":[],"class_list":["post-76014","page","type-page","status-publish","has-post-thumbnail","hentry"],"acf":[],"yoast_head":"<!-- This site is optimized with the Yoast SEO plugin v27.5 - https:\/\/yoast.com\/product\/yoast-seo-wordpress\/ -->\n<title>Cocoon Evasion auf dem Campingplatz La Tamarissi\u00e8re in Agde<\/title>\n<meta name=\"description\" content=\"Entfliehen Sie dem Alltag im Herzen des Pinienwaldes von Tamarissi\u00e8re in einer ungew\u00f6hnlichen Unterkunft im Vanlife-Stil, die gleichzeitig gem\u00fctlich und perfekt in die Umgebung integriert ist.\" \/>\n<meta name=\"robots\" content=\"index, follow, max-snippet:-1, max-image-preview:large, max-video-preview:-1\" \/>\n<link rel=\"canonical\" href=\"https:\/\/camping-latama.com\/de\/unterkuenfte-ungewoehnlich\/cocoon-evasion-4-personen\/\" \/>\n<meta property=\"og:locale\" content=\"de_DE\" \/>\n<meta property=\"og:type\" content=\"article\" \/>\n<meta property=\"og:title\" content=\"Cocoon Evasion auf dem Campingplatz La Tamarissi\u00e8re in Agde\" \/>\n<meta property=\"og:description\" content=\"Entfliehen Sie dem Alltag im Herzen des Pinienwaldes von Tamarissi\u00e8re in einer ungew\u00f6hnlichen Unterkunft im Vanlife-Stil, die gleichzeitig gem\u00fctlich und perfekt in die Umgebung integriert ist.\" \/>\n<meta property=\"og:url\" content=\"https:\/\/camping-latama.com\/de\/unterkuenfte-ungewoehnlich\/cocoon-evasion-4-personen\/\" \/>\n<meta property=\"og:site_name\" content=\"Camping La Tama\" \/>\n<meta property=\"article:modified_time\" content=\"2026-03-24T13:57:11+00:00\" \/>\n<meta property=\"og:image\" content=\"https:\/\/camping-latama.com\/wp-content\/uploads\/2026\/03\/karlotte-01.jpg\" \/>\n\t<meta property=\"og:image:width\" content=\"2394\" \/>\n\t<meta property=\"og:image:height\" content=\"1548\" \/>\n\t<meta property=\"og:image:type\" content=\"image\/jpeg\" \/>\n<meta name=\"twitter:card\" content=\"summary_large_image\" \/>\n<script type=\"application\/ld+json\" class=\"yoast-schema-graph\">{\"@context\":\"https:\\\/\\\/schema.org\",\"@graph\":[{\"@type\":\"WebPage\",\"@id\":\"https:\\\/\\\/camping-latama.com\\\/de\\\/unterkuenfte-ungewoehnlich\\\/cocoon-evasion-4-personen\\\/\",\"url\":\"https:\\\/\\\/camping-latama.com\\\/de\\\/unterkuenfte-ungewoehnlich\\\/cocoon-evasion-4-personen\\\/\",\"name\":\"Cocoon Evasion auf dem Campingplatz La Tamarissi\u00e8re in Agde\",\"isPartOf\":{\"@id\":\"https:\\\/\\\/camping-latama.com\\\/de\\\/#website\"},\"primaryImageOfPage\":{\"@id\":\"https:\\\/\\\/camping-latama.com\\\/de\\\/unterkuenfte-ungewoehnlich\\\/cocoon-evasion-4-personen\\\/#primaryimage\"},\"image\":{\"@id\":\"https:\\\/\\\/camping-latama.com\\\/de\\\/unterkuenfte-ungewoehnlich\\\/cocoon-evasion-4-personen\\\/#primaryimage\"},\"thumbnailUrl\":\"https:\\\/\\\/camping-latama.com\\\/wp-content\\\/uploads\\\/2026\\\/03\\\/karlotte-01.jpg\",\"datePublished\":\"2026-02-12T12:38:16+00:00\",\"dateModified\":\"2026-03-24T13:57:11+00:00\",\"description\":\"Entfliehen Sie dem Alltag im Herzen des Pinienwaldes von Tamarissi\u00e8re in einer ungew\u00f6hnlichen Unterkunft im Vanlife-Stil, die gleichzeitig gem\u00fctlich und perfekt in die Umgebung integriert ist.\",\"breadcrumb\":{\"@id\":\"https:\\\/\\\/camping-latama.com\\\/de\\\/unterkuenfte-ungewoehnlich\\\/cocoon-evasion-4-personen\\\/#breadcrumb\"},\"inLanguage\":\"de\",\"potentialAction\":[{\"@type\":\"ReadAction\",\"target\":[\"https:\\\/\\\/camping-latama.com\\\/de\\\/unterkuenfte-ungewoehnlich\\\/cocoon-evasion-4-personen\\\/\"]}]},{\"@type\":\"ImageObject\",\"inLanguage\":\"de\",\"@id\":\"https:\\\/\\\/camping-latama.com\\\/de\\\/unterkuenfte-ungewoehnlich\\\/cocoon-evasion-4-personen\\\/#primaryimage\",\"url\":\"https:\\\/\\\/camping-latama.com\\\/wp-content\\\/uploads\\\/2026\\\/03\\\/karlotte-01.jpg\",\"contentUrl\":\"https:\\\/\\\/camping-latama.com\\\/wp-content\\\/uploads\\\/2026\\\/03\\\/karlotte-01.jpg\",\"width\":2394,\"height\":1548,\"caption\":\"Karlotte 4 Personen\"},{\"@type\":\"BreadcrumbList\",\"@id\":\"https:\\\/\\\/camping-latama.com\\\/de\\\/unterkuenfte-ungewoehnlich\\\/cocoon-evasion-4-personen\\\/#breadcrumb\",\"itemListElement\":[{\"@type\":\"ListItem\",\"position\":1,\"name\":\"Camping Cap d'Agde\",\"item\":\"https:\\\/\\\/camping-latama.com\\\/de\\\/startseite\\\/\"},{\"@type\":\"ListItem\",\"position\":2,\"name\":\"Ungew\u00f6hnliche Unterkunft Agde\",\"item\":\"https:\\\/\\\/camping-latama.com\\\/de\\\/unterkuenfte-ungewoehnlich\\\/\"},{\"@type\":\"ListItem\",\"position\":3,\"name\":\"Karlotte 4 Personen\"}]},{\"@type\":\"WebSite\",\"@id\":\"https:\\\/\\\/camping-latama.com\\\/de\\\/#website\",\"url\":\"https:\\\/\\\/camping-latama.com\\\/de\\\/\",\"name\":\"Camping La Tamarissi\u00e8re\",\"description\":\"\",\"potentialAction\":[{\"@type\":\"SearchAction\",\"target\":{\"@type\":\"EntryPoint\",\"urlTemplate\":\"https:\\\/\\\/camping-latama.com\\\/de\\\/?s={search_term_string}\"},\"query-input\":{\"@type\":\"PropertyValueSpecification\",\"valueRequired\":true,\"valueName\":\"search_term_string\"}}],\"inLanguage\":\"de\"}]}<\/script>\n<!-- \/ Yoast SEO plugin. -->","yoast_head_json":{"title":"Cocoon Evasion auf dem Campingplatz La Tamarissi\u00e8re in Agde","description":"Entfliehen Sie dem Alltag im Herzen des Pinienwaldes von Tamarissi\u00e8re in einer ungew\u00f6hnlichen Unterkunft im Vanlife-Stil, die gleichzeitig gem\u00fctlich und perfekt in die Umgebung integriert ist.","robots":{"index":"index","follow":"follow","max-snippet":"max-snippet:-1","max-image-preview":"max-image-preview:large","max-video-preview":"max-video-preview:-1"},"canonical":"https:\/\/camping-latama.com\/de\/unterkuenfte-ungewoehnlich\/cocoon-evasion-4-personen\/","og_locale":"de_DE","og_type":"article","og_title":"Cocoon Evasion auf dem Campingplatz La Tamarissi\u00e8re in Agde","og_description":"Entfliehen Sie dem Alltag im Herzen des Pinienwaldes von Tamarissi\u00e8re in einer ungew\u00f6hnlichen Unterkunft im Vanlife-Stil, die gleichzeitig gem\u00fctlich und perfekt in die Umgebung integriert ist.","og_url":"https:\/\/camping-latama.com\/de\/unterkuenfte-ungewoehnlich\/cocoon-evasion-4-personen\/","og_site_name":"Camping La Tama","article_modified_time":"2026-03-24T13:57:11+00:00","og_image":[{"width":2394,"height":1548,"url":"https:\/\/camping-latama.com\/wp-content\/uploads\/2026\/03\/karlotte-01.jpg","type":"image\/jpeg"}],"twitter_card":"summary_large_image","schema":{"@context":"https:\/\/schema.org","@graph":[{"@type":"WebPage","@id":"https:\/\/camping-latama.com\/de\/unterkuenfte-ungewoehnlich\/cocoon-evasion-4-personen\/","url":"https:\/\/camping-latama.com\/de\/unterkuenfte-ungewoehnlich\/cocoon-evasion-4-personen\/","name":"Cocoon Evasion auf dem Campingplatz La Tamarissi\u00e8re in Agde","isPartOf":{"@id":"https:\/\/camping-latama.com\/de\/#website"},"primaryImageOfPage":{"@id":"https:\/\/camping-latama.com\/de\/unterkuenfte-ungewoehnlich\/cocoon-evasion-4-personen\/#primaryimage"},"image":{"@id":"https:\/\/camping-latama.com\/de\/unterkuenfte-ungewoehnlich\/cocoon-evasion-4-personen\/#primaryimage"},"thumbnailUrl":"https:\/\/camping-latama.com\/wp-content\/uploads\/2026\/03\/karlotte-01.jpg","datePublished":"2026-02-12T12:38:16+00:00","dateModified":"2026-03-24T13:57:11+00:00","description":"Entfliehen Sie dem Alltag im Herzen des Pinienwaldes von Tamarissi\u00e8re in einer ungew\u00f6hnlichen Unterkunft im Vanlife-Stil, die gleichzeitig gem\u00fctlich und perfekt in die Umgebung integriert ist.","breadcrumb":{"@id":"https:\/\/camping-latama.com\/de\/unterkuenfte-ungewoehnlich\/cocoon-evasion-4-personen\/#breadcrumb"},"inLanguage":"de","potentialAction":[{"@type":"ReadAction","target":["https:\/\/camping-latama.com\/de\/unterkuenfte-ungewoehnlich\/cocoon-evasion-4-personen\/"]}]},{"@type":"ImageObject","inLanguage":"de","@id":"https:\/\/camping-latama.com\/de\/unterkuenfte-ungewoehnlich\/cocoon-evasion-4-personen\/#primaryimage","url":"https:\/\/camping-latama.com\/wp-content\/uploads\/2026\/03\/karlotte-01.jpg","contentUrl":"https:\/\/camping-latama.com\/wp-content\/uploads\/2026\/03\/karlotte-01.jpg","width":2394,"height":1548,"caption":"Karlotte 4 Personen"},{"@type":"BreadcrumbList","@id":"https:\/\/camping-latama.com\/de\/unterkuenfte-ungewoehnlich\/cocoon-evasion-4-personen\/#breadcrumb","itemListElement":[{"@type":"ListItem","position":1,"name":"Camping Cap d'Agde","item":"https:\/\/camping-latama.com\/de\/startseite\/"},{"@type":"ListItem","position":2,"name":"Ungew\u00f6hnliche Unterkunft Agde","item":"https:\/\/camping-latama.com\/de\/unterkuenfte-ungewoehnlich\/"},{"@type":"ListItem","position":3,"name":"Karlotte 4 Personen"}]},{"@type":"WebSite","@id":"https:\/\/camping-latama.com\/de\/#website","url":"https:\/\/camping-latama.com\/de\/","name":"Camping La Tamarissi\u00e8re","description":"","potentialAction":[{"@type":"SearchAction","target":{"@type":"EntryPoint","urlTemplate":"https:\/\/camping-latama.com\/de\/?s={search_term_string}"},"query-input":{"@type":"PropertyValueSpecification","valueRequired":true,"valueName":"search_term_string"}}],"inLanguage":"de"}]}},"_links":{"self":[{"href":"https:\/\/camping-latama.com\/de\/wp-json\/wp\/v2\/pages\/76014","targetHints":{"allow":["GET"]}}],"collection":[{"href":"https:\/\/camping-latama.com\/de\/wp-json\/wp\/v2\/pages"}],"about":[{"href":"https:\/\/camping-latama.com\/de\/wp-json\/wp\/v2\/types\/page"}],"author":[{"embeddable":true,"href":"https:\/\/camping-latama.com\/de\/wp-json\/wp\/v2\/users\/3"}],"replies":[{"embeddable":true,"href":"https:\/\/camping-latama.com\/de\/wp-json\/wp\/v2\/comments?post=76014"}],"version-history":[{"count":1,"href":"https:\/\/camping-latama.com\/de\/wp-json\/wp\/v2\/pages\/76014\/revisions"}],"predecessor-version":[{"id":77055,"href":"https:\/\/camping-latama.com\/de\/wp-json\/wp\/v2\/pages\/76014\/revisions\/77055"}],"up":[{"embeddable":true,"href":"https:\/\/camping-latama.com\/de\/wp-json\/wp\/v2\/pages\/77054"}],"wp:featuredmedia":[{"embeddable":true,"href":"https:\/\/camping-latama.com\/de\/wp-json\/wp\/v2\/media\/76024"}],"wp:attachment":[{"href":"https:\/\/camping-latama.com\/de\/wp-json\/wp\/v2\/media?parent=76014"}],"wp:term":[{"taxonomy":"avantage","embeddable":true,"href":"https:\/\/camping-latama.com\/de\/wp-json\/wp\/v2\/avantage?post=76014"}],"curies":[{"name":"wp","href":"https:\/\/api.w.org\/{rel}","templated":true}]}}